{"id":3193,"date":"2025-11-29T11:42:58","date_gmt":"2025-11-29T10:42:58","guid":{"rendered":"https:\/\/www.ledonjonbeauvoirblois.fr\/?page_id=3193"},"modified":"2025-11-29T12:14:31","modified_gmt":"2025-11-29T11:14:31","slug":"faq-tour-beauvoir-blois","status":"publish","type":"page","link":"https:\/\/www.ledonjonbeauvoirblois.fr\/en\/faq-tour-beauvoir-blois\/","title":{"rendered":"FAQ"},"content":{"rendered":"<h1 class=\"wp-block-heading\">FAQ  Tour Beauvoir &#8211; Foire Aux Questions<\/h1>\n\n\n\n<p>Notre&nbsp;<strong>FAQ Tour Beauvoir&nbsp;<\/strong>r\u00e9pond aux questions les plus fr\u00e9quentes de nos visiteurs \u2753. Vous y trouverez des informations pratiques sur la r\u00e9servation, les tarifs, l\u2019acc\u00e8s \u00e0 la propri\u00e9t\u00e9 et les services propos\u00e9s. Nous avons regroup\u00e9 les r\u00e9ponses essentielles pour faciliter l\u2019organisation de votre s\u00e9jour. Que vous souhaitiez conna\u00eetre les horaires d\u2019arriv\u00e9e, les moyens de paiement ou les \u00e9quipements disponibles, cette page est con\u00e7ue pour vous guider.<\/p>\n\n\n<div class=\"wp-block-uagb-faq uagb-faq__outer-wrap uagb-block-8b6ebee4 uagb-faq-icon-row uagb-faq-layout-accordion uagb-faq-expand-first-true uagb-faq-inactive-other-true uagb-faq__wrap uagb-buttons-layout-wrap uagb-faq-equal-height\" data-faqtoggle=\"true\" role=\"tablist\"><div class=\"wp-block-uagb-faq-child uagb-faq-child__outer-wrap uagb-faq-item uagb-block-02f23e96\" role=\"tab\" tabindex=\"0\"><div class=\"uagb-faq-questions-button uagb-faq-questions\">\t\t\t<span class=\"uagb-icon uagb-faq-icon-wrap\">\n\t\t\t\t\t\t\t\t<svg xmlns=\"https:\/\/www.w3.org\/2000\/svg\" viewbox= \"0 0 448 512\"><path d=\"M432 256c0 17.69-14.33 32.01-32 32.01H256v144c0 17.69-14.33 31.99-32 31.99s-32-14.3-32-31.99v-144H48c-17.67 0-32-14.32-32-32.01s14.33-31.99 32-31.99H192v-144c0-17.69 14.33-32.01 32-32.01s32 14.32 32 32.01v144h144C417.7 224 432 238.3 432 256z\"><\/path><\/svg>\n\t\t\t\t\t\t\t<\/span>\n\t\t\t\t\t\t<span class=\"uagb-icon-active uagb-faq-icon-wrap\">\n\t\t\t\t\t\t\t\t<svg xmlns=\"https:\/\/www.w3.org\/2000\/svg\" viewbox= \"0 0 448 512\"><path d=\"M400 288h-352c-17.69 0-32-14.32-32-32.01s14.31-31.99 32-31.99h352c17.69 0 32 14.3 32 31.99S417.7 288 400 288z\"><\/path><\/svg>\n\t\t\t\t\t\t\t<\/span>\n\t\t\t<span class=\"uagb-question\">Quels sont les horaires d&rsquo;arriv\u00e9e et de d\u00e9part \u00e0 la Tour Beauvoir ?<\/span><\/div><div class=\"uagb-faq-content\"><p>L&rsquo;arriv\u00e9e est possible \u00e0 partir de 15h mais il faut nous pr\u00e9venir la veille.<\/p><\/div><\/div><div class=\"wp-block-uagb-faq-child uagb-faq-child__outer-wrap uagb-faq-item uagb-block-8fadbd9f\" role=\"tab\" tabindex=\"0\"><div class=\"uagb-faq-questions-button uagb-faq-questions\">\t\t\t<span class=\"uagb-icon uagb-faq-icon-wrap\">\n\t\t\t\t\t\t\t\t<svg xmlns=\"https:\/\/www.w3.org\/2000\/svg\" viewbox= \"0 0 448 512\"><path d=\"M432 256c0 17.69-14.33 32.01-32 32.01H256v144c0 17.69-14.33 31.99-32 31.99s-32-14.3-32-31.99v-144H48c-17.67 0-32-14.32-32-32.01s14.33-31.99 32-31.99H192v-144c0-17.69 14.33-32.01 32-32.01s32 14.32 32 32.01v144h144C417.7 224 432 238.3 432 256z\"><\/path><\/svg>\n\t\t\t\t\t\t\t<\/span>\n\t\t\t\t\t\t<span class=\"uagb-icon-active uagb-faq-icon-wrap\">\n\t\t\t\t\t\t\t\t<svg xmlns=\"https:\/\/www.w3.org\/2000\/svg\" viewbox= \"0 0 448 512\"><path d=\"M400 288h-352c-17.69 0-32-14.32-32-32.01s14.31-31.99 32-31.99h352c17.69 0 32 14.3 32 31.99S417.7 288 400 288z\"><\/path><\/svg>\n\t\t\t\t\t\t\t<\/span>\n\t\t\t<span class=\"uagb-question\">L\u2019accueil se fait-il sur place ou de mani\u00e8re autonome ?<\/span><\/div><div class=\"uagb-faq-content\"><p>L\u2019accueil est autonome. Une bo\u00eete \u00e0 cl\u00e9 vous attend sur le parking et le code vous sera communiqu\u00e9 2 jours avant votre arriv\u00e9.<\/p><\/div><\/div><div class=\"wp-block-uagb-faq-child uagb-faq-child__outer-wrap uagb-faq-item uagb-block-d1693d47\" role=\"tab\" tabindex=\"0\"><div class=\"uagb-faq-questions-button uagb-faq-questions\">\t\t\t<span class=\"uagb-icon uagb-faq-icon-wrap\">\n\t\t\t\t\t\t\t\t<svg xmlns=\"https:\/\/www.w3.org\/2000\/svg\" viewbox= \"0 0 448 512\"><path d=\"M432 256c0 17.69-14.33 32.01-32 32.01H256v144c0 17.69-14.33 31.99-32 31.99s-32-14.3-32-31.99v-144H48c-17.67 0-32-14.32-32-32.01s14.33-31.99 32-31.99H192v-144c0-17.69 14.33-32.01 32-32.01s32 14.32 32 32.01v144h144C417.7 224 432 238.3 432 256z\"><\/path><\/svg>\n\t\t\t\t\t\t\t<\/span>\n\t\t\t\t\t\t<span class=\"uagb-icon-active uagb-faq-icon-wrap\">\n\t\t\t\t\t\t\t\t<svg xmlns=\"https:\/\/www.w3.org\/2000\/svg\" viewbox= \"0 0 448 512\"><path d=\"M400 288h-352c-17.69 0-32-14.32-32-32.01s14.31-31.99 32-31.99h352c17.69 0 32 14.3 32 31.99S417.7 288 400 288z\"><\/path><\/svg>\n\t\t\t\t\t\t\t<\/span>\n\t\t\t<span class=\"uagb-question\">Quelles sont les conditions d\u2019annulation\u00a0?<\/span><\/div><div class=\"uagb-faq-content\"><p>Pour toutes r\u00e9servations r\u00e9alis\u00e9es en direct, l\u2019annulation est gratuite jusqu\u2019\u00e0 1 mois avant l\u2019arriv\u00e9e.<\/p><\/div><\/div><div class=\"wp-block-uagb-faq-child uagb-faq-child__outer-wrap uagb-faq-item uagb-block-4efaeb43\" role=\"tab\" tabindex=\"0\"><div class=\"uagb-faq-questions-button uagb-faq-questions\">\t\t\t<span class=\"uagb-icon uagb-faq-icon-wrap\">\n\t\t\t\t\t\t\t\t<svg xmlns=\"https:\/\/www.w3.org\/2000\/svg\" viewbox= \"0 0 448 512\"><path d=\"M432 256c0 17.69-14.33 32.01-32 32.01H256v144c0 17.69-14.33 31.99-32 31.99s-32-14.3-32-31.99v-144H48c-17.67 0-32-14.32-32-32.01s14.33-31.99 32-31.99H192v-144c0-17.69 14.33-32.01 32-32.01s32 14.32 32 32.01v144h144C417.7 224 432 238.3 432 256z\"><\/path><\/svg>\n\t\t\t\t\t\t\t<\/span>\n\t\t\t\t\t\t<span class=\"uagb-icon-active uagb-faq-icon-wrap\">\n\t\t\t\t\t\t\t\t<svg xmlns=\"https:\/\/www.w3.org\/2000\/svg\" viewbox= \"0 0 448 512\"><path d=\"M400 288h-352c-17.69 0-32-14.32-32-32.01s14.31-31.99 32-31.99h352c17.69 0 32 14.3 32 31.99S417.7 288 400 288z\"><\/path><\/svg>\n\t\t\t\t\t\t\t<\/span>\n\t\t\t<span class=\"uagb-question\">Le Linge de maison et les serviettes sont-ils fournis\u00a0?<\/span><\/div><div class=\"uagb-faq-content\"><p>Oui, les lits sont faits et les serviettes sont fournies.<\/p><\/div><\/div><div class=\"wp-block-uagb-faq-child uagb-faq-child__outer-wrap uagb-faq-item uagb-block-dd3b42ae\" role=\"tab\" tabindex=\"0\"><div class=\"uagb-faq-questions-button uagb-faq-questions\">\t\t\t<span class=\"uagb-icon uagb-faq-icon-wrap\">\n\t\t\t\t\t\t\t\t<svg xmlns=\"https:\/\/www.w3.org\/2000\/svg\" viewbox= \"0 0 448 512\"><path d=\"M432 256c0 17.69-14.33 32.01-32 32.01H256v144c0 17.69-14.33 31.99-32 31.99s-32-14.3-32-31.99v-144H48c-17.67 0-32-14.32-32-32.01s14.33-31.99 32-31.99H192v-144c0-17.69 14.33-32.01 32-32.01s32 14.32 32 32.01v144h144C417.7 224 432 238.3 432 256z\"><\/path><\/svg>\n\t\t\t\t\t\t\t<\/span>\n\t\t\t\t\t\t<span class=\"uagb-icon-active uagb-faq-icon-wrap\">\n\t\t\t\t\t\t\t\t<svg xmlns=\"https:\/\/www.w3.org\/2000\/svg\" viewbox= \"0 0 448 512\"><path d=\"M400 288h-352c-17.69 0-32-14.32-32-32.01s14.31-31.99 32-31.99h352c17.69 0 32 14.3 32 31.99S417.7 288 400 288z\"><\/path><\/svg>\n\t\t\t\t\t\t\t<\/span>\n\t\t\t<span class=\"uagb-question\">Le petit-d\u00e9jeuner est-il inclus ?<\/span><\/div><div class=\"uagb-faq-content\"><p>Non mais le g\u00eete \u00e9tant tr\u00e8s bien situ\u00e9, de nombreuses boulangeries sont \u00e0 moins de 5 min \u00e0 pied.<\/p><\/div><\/div><div class=\"wp-block-uagb-faq-child uagb-faq-child__outer-wrap uagb-faq-item uagb-block-a647889e\" role=\"tab\" tabindex=\"0\"><div class=\"uagb-faq-questions-button uagb-faq-questions\">\t\t\t<span class=\"uagb-icon uagb-faq-icon-wrap\">\n\t\t\t\t\t\t\t\t<svg xmlns=\"https:\/\/www.w3.org\/2000\/svg\" viewbox= \"0 0 448 512\"><path d=\"M432 256c0 17.69-14.33 32.01-32 32.01H256v144c0 17.69-14.33 31.99-32 31.99s-32-14.3-32-31.99v-144H48c-17.67 0-32-14.32-32-32.01s14.33-31.99 32-31.99H192v-144c0-17.69 14.33-32.01 32-32.01s32 14.32 32 32.01v144h144C417.7 224 432 238.3 432 256z\"><\/path><\/svg>\n\t\t\t\t\t\t\t<\/span>\n\t\t\t\t\t\t<span class=\"uagb-icon-active uagb-faq-icon-wrap\">\n\t\t\t\t\t\t\t\t<svg xmlns=\"https:\/\/www.w3.org\/2000\/svg\" viewbox= \"0 0 448 512\"><path d=\"M400 288h-352c-17.69 0-32-14.32-32-32.01s14.31-31.99 32-31.99h352c17.69 0 32 14.3 32 31.99S417.7 288 400 288z\"><\/path><\/svg>\n\t\t\t\t\t\t\t<\/span>\n\t\t\t<span class=\"uagb-question\">Y a-t-il un parking disponible \u00e0\u202fla Tour Beauvoir ?<\/span><\/div><div class=\"uagb-faq-content\"><p>Oui, un parking priv\u00e9 et gratuit est disponible sur place. Le parking peut accueillir 2 v\u00e9hicules.<\/p><\/div><\/div><div class=\"wp-block-uagb-faq-child uagb-faq-child__outer-wrap uagb-faq-item uagb-block-7a7542f5\" role=\"tab\" tabindex=\"0\"><div class=\"uagb-faq-questions-button uagb-faq-questions\">\t\t\t<span class=\"uagb-icon uagb-faq-icon-wrap\">\n\t\t\t\t\t\t\t\t<svg xmlns=\"https:\/\/www.w3.org\/2000\/svg\" viewbox= \"0 0 448 512\"><path d=\"M432 256c0 17.69-14.33 32.01-32 32.01H256v144c0 17.69-14.33 31.99-32 31.99s-32-14.3-32-31.99v-144H48c-17.67 0-32-14.32-32-32.01s14.33-31.99 32-31.99H192v-144c0-17.69 14.33-32.01 32-32.01s32 14.32 32 32.01v144h144C417.7 224 432 238.3 432 256z\"><\/path><\/svg>\n\t\t\t\t\t\t\t<\/span>\n\t\t\t\t\t\t<span class=\"uagb-icon-active uagb-faq-icon-wrap\">\n\t\t\t\t\t\t\t\t<svg xmlns=\"https:\/\/www.w3.org\/2000\/svg\" viewbox= \"0 0 448 512\"><path d=\"M400 288h-352c-17.69 0-32-14.32-32-32.01s14.31-31.99 32-31.99h352c17.69 0 32 14.3 32 31.99S417.7 288 400 288z\"><\/path><\/svg>\n\t\t\t\t\t\t\t<\/span>\n\t\t\t<span class=\"uagb-question\">Disposez-vous d\u2019un local pour v\u00e9los\u202f?<\/span><\/div><div class=\"uagb-faq-content\"><p>Oui, il est possible de stationner jusqu\u2019\u00e0 4 v\u00e9los dans l\u2019entr\u00e9e secondaire.<\/p><\/div><\/div><div class=\"wp-block-uagb-faq-child uagb-faq-child__outer-wrap uagb-faq-item uagb-block-0171f05d\" role=\"tab\" tabindex=\"0\"><div class=\"uagb-faq-questions-button uagb-faq-questions\">\t\t\t<span class=\"uagb-icon uagb-faq-icon-wrap\">\n\t\t\t\t\t\t\t\t<svg xmlns=\"https:\/\/www.w3.org\/2000\/svg\" viewbox= \"0 0 448 512\"><path d=\"M432 256c0 17.69-14.33 32.01-32 32.01H256v144c0 17.69-14.33 31.99-32 31.99s-32-14.3-32-31.99v-144H48c-17.67 0-32-14.32-32-32.01s14.33-31.99 32-31.99H192v-144c0-17.69 14.33-32.01 32-32.01s32 14.32 32 32.01v144h144C417.7 224 432 238.3 432 256z\"><\/path><\/svg>\n\t\t\t\t\t\t\t<\/span>\n\t\t\t\t\t\t<span class=\"uagb-icon-active uagb-faq-icon-wrap\">\n\t\t\t\t\t\t\t\t<svg xmlns=\"https:\/\/www.w3.org\/2000\/svg\" viewbox= \"0 0 448 512\"><path d=\"M400 288h-352c-17.69 0-32-14.32-32-32.01s14.31-31.99 32-31.99h352c17.69 0 32 14.3 32 31.99S417.7 288 400 288z\"><\/path><\/svg>\n\t\t\t\t\t\t\t<\/span>\n\t\t\t<span class=\"uagb-question\">Y a-t-il une borne de recharge pour voitures \u00e9lectriques\u202f?<\/span><\/div><div class=\"uagb-faq-content\"><p>Non mais la ville de Blois dispose d\u2019un bon maillage de bornes de recharge.<\/p><\/div><\/div><div class=\"wp-block-uagb-faq-child uagb-faq-child__outer-wrap uagb-faq-item uagb-block-4044548f\" role=\"tab\" tabindex=\"0\"><div class=\"uagb-faq-questions-button uagb-faq-questions\">\t\t\t<span class=\"uagb-icon uagb-faq-icon-wrap\">\n\t\t\t\t\t\t\t\t<svg xmlns=\"https:\/\/www.w3.org\/2000\/svg\" viewbox= \"0 0 448 512\"><path d=\"M432 256c0 17.69-14.33 32.01-32 32.01H256v144c0 17.69-14.33 31.99-32 31.99s-32-14.3-32-31.99v-144H48c-17.67 0-32-14.32-32-32.01s14.33-31.99 32-31.99H192v-144c0-17.69 14.33-32.01 32-32.01s32 14.32 32 32.01v144h144C417.7 224 432 238.3 432 256z\"><\/path><\/svg>\n\t\t\t\t\t\t\t<\/span>\n\t\t\t\t\t\t<span class=\"uagb-icon-active uagb-faq-icon-wrap\">\n\t\t\t\t\t\t\t\t<svg xmlns=\"https:\/\/www.w3.org\/2000\/svg\" viewbox= \"0 0 448 512\"><path d=\"M400 288h-352c-17.69 0-32-14.32-32-32.01s14.31-31.99 32-31.99h352c17.69 0 32 14.3 32 31.99S417.7 288 400 288z\"><\/path><\/svg>\n\t\t\t\t\t\t\t<\/span>\n\t\t\t<span class=\"uagb-question\">Le Wi-Fi est-il gratuit et fiable\u202f?<\/span><\/div><div class=\"uagb-faq-content\"><p>La tour Beauvoir dispose d\u2019une connexion Wi-Fi rapide et fiable, adapt\u00e9e au t\u00e9l\u00e9travail, au streaming et aux appels vid\u00e9o.<\/p><\/div><\/div><div class=\"wp-block-uagb-faq-child uagb-faq-child__outer-wrap uagb-faq-item uagb-block-c4588798\" role=\"tab\" tabindex=\"0\"><div class=\"uagb-faq-questions-button uagb-faq-questions\">\t\t\t<span class=\"uagb-icon uagb-faq-icon-wrap\">\n\t\t\t\t\t\t\t\t<svg xmlns=\"https:\/\/www.w3.org\/2000\/svg\" viewbox= \"0 0 448 512\"><path d=\"M432 256c0 17.69-14.33 32.01-32 32.01H256v144c0 17.69-14.33 31.99-32 31.99s-32-14.3-32-31.99v-144H48c-17.67 0-32-14.32-32-32.01s14.33-31.99 32-31.99H192v-144c0-17.69 14.33-32.01 32-32.01s32 14.32 32 32.01v144h144C417.7 224 432 238.3 432 256z\"><\/path><\/svg>\n\t\t\t\t\t\t\t<\/span>\n\t\t\t\t\t\t<span class=\"uagb-icon-active uagb-faq-icon-wrap\">\n\t\t\t\t\t\t\t\t<svg xmlns=\"https:\/\/www.w3.org\/2000\/svg\" viewbox= \"0 0 448 512\"><path d=\"M400 288h-352c-17.69 0-32-14.32-32-32.01s14.31-31.99 32-31.99h352c17.69 0 32 14.3 32 31.99S417.7 288 400 288z\"><\/path><\/svg>\n\t\t\t\t\t\t\t<\/span>\n\t\t\t<span class=\"uagb-question\">Y a-t-il des restaurants \u00e0 proximit\u00e9 de la Tour Beauvoir\u202f?<\/span><\/div><div class=\"uagb-faq-content\"><p>Une multitude de choix s&rsquo;offre \u00e0 vous \u00e0 moins de 5 mn \u00e0 pied de la Tour Beauvoir. Nous vous enverrons une liste de restaurants le jour de votre r\u00e9servation.<\/p><\/div><\/div><div class=\"wp-block-uagb-faq-child uagb-faq-child__outer-wrap uagb-faq-item uagb-block-b78658c0\" role=\"tab\" tabindex=\"0\"><div class=\"uagb-faq-questions-button uagb-faq-questions\">\t\t\t<span class=\"uagb-icon uagb-faq-icon-wrap\">\n\t\t\t\t\t\t\t\t<svg xmlns=\"https:\/\/www.w3.org\/2000\/svg\" viewbox= \"0 0 448 512\"><path d=\"M432 256c0 17.69-14.33 32.01-32 32.01H256v144c0 17.69-14.33 31.99-32 31.99s-32-14.3-32-31.99v-144H48c-17.67 0-32-14.32-32-32.01s14.33-31.99 32-31.99H192v-144c0-17.69 14.33-32.01 32-32.01s32 14.32 32 32.01v144h144C417.7 224 432 238.3 432 256z\"><\/path><\/svg>\n\t\t\t\t\t\t\t<\/span>\n\t\t\t\t\t\t<span class=\"uagb-icon-active uagb-faq-icon-wrap\">\n\t\t\t\t\t\t\t\t<svg xmlns=\"https:\/\/www.w3.org\/2000\/svg\" viewbox= \"0 0 448 512\"><path d=\"M400 288h-352c-17.69 0-32-14.32-32-32.01s14.31-31.99 32-31.99h352c17.69 0 32 14.3 32 31.99S417.7 288 400 288z\"><\/path><\/svg>\n\t\t\t\t\t\t\t<\/span>\n\t\t\t<span class=\"uagb-question\">Le g\u00eete est-il adapt\u00e9 aux familles\u202f?<\/span><\/div><div class=\"uagb-faq-content\"><p>Le g\u00eete est adapt\u00e9 aux familles. N\u00e9anmoins, pour des raisons de s\u00e9curit\u00e9 et de confort, le g\u00eete n\u2019est pas recommand\u00e9 aux enfants de moins de 3 ans.<\/p><\/div><\/div><div class=\"wp-block-uagb-faq-child uagb-faq-child__outer-wrap uagb-faq-item uagb-block-33ad849e\" role=\"tab\" tabindex=\"0\"><div class=\"uagb-faq-questions-button uagb-faq-questions\">\t\t\t<span class=\"uagb-icon uagb-faq-icon-wrap\">\n\t\t\t\t\t\t\t\t<svg xmlns=\"https:\/\/www.w3.org\/2000\/svg\" viewbox= \"0 0 448 512\"><path d=\"M432 256c0 17.69-14.33 32.01-32 32.01H256v144c0 17.69-14.33 31.99-32 31.99s-32-14.3-32-31.99v-144H48c-17.67 0-32-14.32-32-32.01s14.33-31.99 32-31.99H192v-144c0-17.69 14.33-32.01 32-32.01s32 14.32 32 32.01v144h144C417.7 224 432 238.3 432 256z\"><\/path><\/svg>\n\t\t\t\t\t\t\t<\/span>\n\t\t\t\t\t\t<span class=\"uagb-icon-active uagb-faq-icon-wrap\">\n\t\t\t\t\t\t\t\t<svg xmlns=\"https:\/\/www.w3.org\/2000\/svg\" viewbox= \"0 0 448 512\"><path d=\"M400 288h-352c-17.69 0-32-14.32-32-32.01s14.31-31.99 32-31.99h352c17.69 0 32 14.3 32 31.99S417.7 288 400 288z\"><\/path><\/svg>\n\t\t\t\t\t\t\t<\/span>\n\t\t\t<span class=\"uagb-question\">Quelle est la diff\u00e9rence entre le Clos Mac\u00e9 et la Tour\/Donjon Beauvoir\u00a0?<\/span><\/div><div class=\"uagb-faq-content\"><p>Nous sommes propri\u00e9taires de la maison d\u2019h\u00f4tes \u00ab\u00a0Le Clos Mac\u00e9\u00a0\u00bb situ\u00e9 \u00e0 Saint-Denis-sur-Loire et \u00e9galement du g\u00eete insolite \u00ab\u00a0la Tour Beauvoir\u00a0\u00bb ou \u00ab\u00a0le donjon Beauvoir\u00a0\u00bb situ\u00e9 \u00e0 Blois centre.<\/p><\/div><\/div><\/div>\n\n\n<p><\/p>","protected":false},"excerpt":{"rendered":"<p>FAQ Tour Beauvoir &#8211; Foire Aux Questions Notre&nbsp;FAQ Tour Beauvoir&nbsp;r\u00e9pond aux questions les plus fr\u00e9quentes de nos visiteurs \u2753. Vous y trouverez des informations pratiques sur la r\u00e9servation, les tarifs, l\u2019acc\u00e8s \u00e0 la propri\u00e9t\u00e9 et les services propos\u00e9s. Nous avons regroup\u00e9 les r\u00e9ponses essentielles pour faciliter l\u2019organisation de votre s\u00e9jour. Que vous souhaitiez conna\u00eetre les&#8230;<\/p>","protected":false},"author":2,"featured_media":0,"parent":0,"menu_order":0,"comment_status":"closed","ping_status":"closed","template":"","meta":{"_uag_custom_page_level_css":"","_kad_post_transparent":"","_kad_post_title":"","_kad_post_layout":"","_kad_post_sidebar_id":"","_kad_post_content_style":"","_kad_post_vertical_padding":"","_kad_post_feature":"","_kad_post_feature_position":"","_kad_post_header":false,"_kad_post_footer":false,"footnotes":""},"class_list":["post-3193","page","type-page","status-publish","hentry"],"yoast_head":"<!-- This site is optimized with the Yoast SEO plugin v27.1.1 - https:\/\/yoast.com\/product\/yoast-seo-wordpress\/ -->\n<title>FAQ \u2013 Tour Beauvoir, g\u00eete unique \u00e0 Blois<\/title>\n<meta name=\"description\" content=\"Toutes les r\u00e9ponses \u00e0 vos questions sur la Tour Beauvoir, g\u00eete historique \u00e0 Blois. Infos pratiques, confort et visites.\" \/>\n<meta name=\"robots\" content=\"index, follow, max-snippet:-1, max-image-preview:large, max-video-preview:-1\" \/>\n<link rel=\"canonical\" href=\"https:\/\/www.ledonjonbeauvoirblois.fr\/en\/faq-tour-beauvoir-blois\/\" \/>\n<meta property=\"og:locale\" content=\"en_GB\" \/>\n<meta property=\"og:type\" content=\"article\" \/>\n<meta property=\"og:title\" content=\"FAQ \u2013 Tour Beauvoir, g\u00eete unique \u00e0 Blois\" \/>\n<meta property=\"og:description\" content=\"Toutes les r\u00e9ponses \u00e0 vos questions sur la Tour Beauvoir, g\u00eete historique \u00e0 Blois. Infos pratiques, confort et visites.\" \/>\n<meta property=\"og:url\" content=\"https:\/\/www.ledonjonbeauvoirblois.fr\/en\/faq-tour-beauvoir-blois\/\" \/>\n<meta property=\"og:site_name\" content=\"Tour Beauvoir - Donjon Beauvoir\" \/>\n<meta property=\"article:modified_time\" content=\"2025-11-29T11:14:31+00:00\" \/>\n<meta name=\"twitter:card\" content=\"summary_large_image\" \/>\n<meta name=\"twitter:label1\" content=\"Estimated reading time\" \/>\n\t<meta name=\"twitter:data1\" content=\"1 minute\" \/>\n<script type=\"application\/ld+json\" class=\"yoast-schema-graph\">{\"@context\":\"https:\/\/schema.org\",\"@graph\":[{\"@type\":\"WebPage\",\"@id\":\"https:\/\/www.ledonjonbeauvoirblois.fr\/faq-tour-beauvoir-blois\/\",\"url\":\"https:\/\/www.ledonjonbeauvoirblois.fr\/faq-tour-beauvoir-blois\/\",\"name\":\"FAQ \u2013 Tour Beauvoir, g\u00eete unique \u00e0 Blois\",\"isPartOf\":{\"@id\":\"https:\/\/www.ledonjonbeauvoirblois.fr\/#website\"},\"datePublished\":\"2025-11-29T10:42:58+00:00\",\"dateModified\":\"2025-11-29T11:14:31+00:00\",\"description\":\"Toutes les r\u00e9ponses \u00e0 vos questions sur la Tour Beauvoir, g\u00eete historique \u00e0 Blois. Infos pratiques, confort et visites.\",\"breadcrumb\":{\"@id\":\"https:\/\/www.ledonjonbeauvoirblois.fr\/faq-tour-beauvoir-blois\/#breadcrumb\"},\"inLanguage\":\"en-GB\",\"potentialAction\":[{\"@type\":\"ReadAction\",\"target\":[\"https:\/\/www.ledonjonbeauvoirblois.fr\/faq-tour-beauvoir-blois\/\"]}]},{\"@type\":\"BreadcrumbList\",\"@id\":\"https:\/\/www.ledonjonbeauvoirblois.fr\/faq-tour-beauvoir-blois\/#breadcrumb\",\"itemListElement\":[{\"@type\":\"ListItem\",\"position\":1,\"name\":\"Accueil\",\"item\":\"https:\/\/www.ledonjonbeauvoirblois.fr\/\"},{\"@type\":\"ListItem\",\"position\":2,\"name\":\"FAQ\"}]},{\"@type\":\"WebSite\",\"@id\":\"https:\/\/www.ledonjonbeauvoirblois.fr\/#website\",\"url\":\"https:\/\/www.ledonjonbeauvoirblois.fr\/\",\"name\":\"Tour Beauvoir - Donjon Beauvoir\",\"description\":\"\",\"publisher\":{\"@id\":\"https:\/\/www.ledonjonbeauvoirblois.fr\/#organization\"},\"potentialAction\":[{\"@type\":\"SearchAction\",\"target\":{\"@type\":\"EntryPoint\",\"urlTemplate\":\"https:\/\/www.ledonjonbeauvoirblois.fr\/?s={search_term_string}\"},\"query-input\":{\"@type\":\"PropertyValueSpecification\",\"valueRequired\":true,\"valueName\":\"search_term_string\"}}],\"inLanguage\":\"en-GB\"},{\"@type\":\"Organization\",\"@id\":\"https:\/\/www.ledonjonbeauvoirblois.fr\/#organization\",\"name\":\"Tour Beauvoir - Donjon Beauvoir\",\"url\":\"https:\/\/www.ledonjonbeauvoirblois.fr\/\",\"logo\":{\"@type\":\"ImageObject\",\"inLanguage\":\"en-GB\",\"@id\":\"https:\/\/www.ledonjonbeauvoirblois.fr\/#\/schema\/logo\/image\/\",\"url\":\"https:\/\/www.ledonjonbeauvoirblois.fr\/wp-content\/uploads\/2025\/08\/logo-tour-beauvoir-1.png\",\"contentUrl\":\"https:\/\/www.ledonjonbeauvoirblois.fr\/wp-content\/uploads\/2025\/08\/logo-tour-beauvoir-1.png\",\"width\":1563,\"height\":1563,\"caption\":\"Tour Beauvoir - Donjon Beauvoir\"},\"image\":{\"@id\":\"https:\/\/www.ledonjonbeauvoirblois.fr\/#\/schema\/logo\/image\/\"}}]}<\/script>\n<!-- \/ Yoast SEO plugin. -->","yoast_head_json":{"title":"FAQ \u2013 Tour Beauvoir, g\u00eete unique \u00e0 Blois","description":"Toutes les r\u00e9ponses \u00e0 vos questions sur la Tour Beauvoir, g\u00eete historique \u00e0 Blois. Infos pratiques, confort et visites.","robots":{"index":"index","follow":"follow","max-snippet":"max-snippet:-1","max-image-preview":"max-image-preview:large","max-video-preview":"max-video-preview:-1"},"canonical":"https:\/\/www.ledonjonbeauvoirblois.fr\/en\/faq-tour-beauvoir-blois\/","og_locale":"en_GB","og_type":"article","og_title":"FAQ \u2013 Tour Beauvoir, g\u00eete unique \u00e0 Blois","og_description":"Toutes les r\u00e9ponses \u00e0 vos questions sur la Tour Beauvoir, g\u00eete historique \u00e0 Blois. Infos pratiques, confort et visites.","og_url":"https:\/\/www.ledonjonbeauvoirblois.fr\/en\/faq-tour-beauvoir-blois\/","og_site_name":"Tour Beauvoir - Donjon Beauvoir","article_modified_time":"2025-11-29T11:14:31+00:00","twitter_card":"summary_large_image","twitter_misc":{"Estimated reading time":"1 minute"},"schema":{"@context":"https:\/\/schema.org","@graph":[{"@type":"WebPage","@id":"https:\/\/www.ledonjonbeauvoirblois.fr\/faq-tour-beauvoir-blois\/","url":"https:\/\/www.ledonjonbeauvoirblois.fr\/faq-tour-beauvoir-blois\/","name":"FAQ \u2013 Tour Beauvoir, g\u00eete unique \u00e0 Blois","isPartOf":{"@id":"https:\/\/www.ledonjonbeauvoirblois.fr\/#website"},"datePublished":"2025-11-29T10:42:58+00:00","dateModified":"2025-11-29T11:14:31+00:00","description":"Toutes les r\u00e9ponses \u00e0 vos questions sur la Tour Beauvoir, g\u00eete historique \u00e0 Blois. Infos pratiques, confort et visites.","breadcrumb":{"@id":"https:\/\/www.ledonjonbeauvoirblois.fr\/faq-tour-beauvoir-blois\/#breadcrumb"},"inLanguage":"en-GB","potentialAction":[{"@type":"ReadAction","target":["https:\/\/www.ledonjonbeauvoirblois.fr\/faq-tour-beauvoir-blois\/"]}]},{"@type":"BreadcrumbList","@id":"https:\/\/www.ledonjonbeauvoirblois.fr\/faq-tour-beauvoir-blois\/#breadcrumb","itemListElement":[{"@type":"ListItem","position":1,"name":"Accueil","item":"https:\/\/www.ledonjonbeauvoirblois.fr\/"},{"@type":"ListItem","position":2,"name":"FAQ"}]},{"@type":"WebSite","@id":"https:\/\/www.ledonjonbeauvoirblois.fr\/#website","url":"https:\/\/www.ledonjonbeauvoirblois.fr\/","name":"Tour Beauvoir - Donjon Beauvoir","description":"","publisher":{"@id":"https:\/\/www.ledonjonbeauvoirblois.fr\/#organization"},"potentialAction":[{"@type":"SearchAction","target":{"@type":"EntryPoint","urlTemplate":"https:\/\/www.ledonjonbeauvoirblois.fr\/?s={search_term_string}"},"query-input":{"@type":"PropertyValueSpecification","valueRequired":true,"valueName":"search_term_string"}}],"inLanguage":"en-GB"},{"@type":"Organization","@id":"https:\/\/www.ledonjonbeauvoirblois.fr\/#organization","name":"Tour Beauvoir - Donjon Beauvoir","url":"https:\/\/www.ledonjonbeauvoirblois.fr\/","logo":{"@type":"ImageObject","inLanguage":"en-GB","@id":"https:\/\/www.ledonjonbeauvoirblois.fr\/#\/schema\/logo\/image\/","url":"https:\/\/www.ledonjonbeauvoirblois.fr\/wp-content\/uploads\/2025\/08\/logo-tour-beauvoir-1.png","contentUrl":"https:\/\/www.ledonjonbeauvoirblois.fr\/wp-content\/uploads\/2025\/08\/logo-tour-beauvoir-1.png","width":1563,"height":1563,"caption":"Tour Beauvoir - Donjon Beauvoir"},"image":{"@id":"https:\/\/www.ledonjonbeauvoirblois.fr\/#\/schema\/logo\/image\/"}}]}},"uagb_featured_image_src":{"full":false,"thumbnail":false,"medium":false,"medium_large":false,"large":false,"1536x1536":false,"2048x2048":false,"trp-custom-language-flag":false},"uagb_author_info":{"display_name":"Johanna Canalias","author_link":"https:\/\/www.ledonjonbeauvoirblois.fr\/en\/author\/johanna\/"},"uagb_comment_info":0,"uagb_excerpt":"FAQ Tour Beauvoir &#8211; Foire Aux Questions Notre&nbsp;FAQ Tour Beauvoir&nbsp;r\u00e9pond aux questions les plus fr\u00e9quentes de nos visiteurs \u2753. Vous y trouverez des informations pratiques sur la r\u00e9servation, les tarifs, l\u2019acc\u00e8s \u00e0 la propri\u00e9t\u00e9 et les services propos\u00e9s. Nous avons regroup\u00e9 les r\u00e9ponses essentielles pour faciliter l\u2019organisation de votre s\u00e9jour. Que vous souhaitiez conna\u00eetre les...","_links":{"self":[{"href":"https:\/\/www.ledonjonbeauvoirblois.fr\/en\/wp-json\/wp\/v2\/pages\/3193","targetHints":{"allow":["GET"]}}],"collection":[{"href":"https:\/\/www.ledonjonbeauvoirblois.fr\/en\/wp-json\/wp\/v2\/pages"}],"about":[{"href":"https:\/\/www.ledonjonbeauvoirblois.fr\/en\/wp-json\/wp\/v2\/types\/page"}],"author":[{"embeddable":true,"href":"https:\/\/www.ledonjonbeauvoirblois.fr\/en\/wp-json\/wp\/v2\/users\/2"}],"replies":[{"embeddable":true,"href":"https:\/\/www.ledonjonbeauvoirblois.fr\/en\/wp-json\/wp\/v2\/comments?post=3193"}],"version-history":[{"count":6,"href":"https:\/\/www.ledonjonbeauvoirblois.fr\/en\/wp-json\/wp\/v2\/pages\/3193\/revisions"}],"predecessor-version":[{"id":3205,"href":"https:\/\/www.ledonjonbeauvoirblois.fr\/en\/wp-json\/wp\/v2\/pages\/3193\/revisions\/3205"}],"wp:attachment":[{"href":"https:\/\/www.ledonjonbeauvoirblois.fr\/en\/wp-json\/wp\/v2\/media?parent=3193"}],"curies":[{"name":"wp","href":"https:\/\/api.w.org\/{rel}","templated":true}]}}