{"id":2802,"date":"2025-08-12T12:44:09","date_gmt":"2025-08-12T10:44:09","guid":{"rendered":"https:\/\/www.ledonjonbeauvoirblois.fr\/contact-2\/"},"modified":"2025-11-27T11:04:08","modified_gmt":"2025-11-27T10:04:08","slug":"contact-2","status":"publish","type":"page","link":"https:\/\/www.ledonjonbeauvoirblois.fr\/en\/contact-2\/","title":{"rendered":"History"},"content":{"rendered":"<div class=\"wp-block-group is-vertical is-content-justification-center is-layout-flex wp-container-core-group-is-layout-f3ada316 wp-block-group-is-layout-flex\" style=\"border-style:none;border-width:0px;padding-right:var(--wp--preset--spacing--80);padding-left:var(--wp--preset--spacing--80)\">\n<div class=\"wp-block-group\"><div class=\"wp-block-group__inner-container is-layout-constrained wp-block-group-is-layout-constrained\">\n<div class=\"wp-block-uagb-container &quot;wp-block-uagb-container uagb-block-0d23126b alignfull uagb-is-root-container\"><div class=\"uagb-container-inner-blocks-wrap\">\n<h2 class=\"wp-block-heading has-text-align-center &quot;wp-block-uagb-advanced-heading\" style=\"border-style:none;border-width:0px;margin-right:0;margin-left:0;padding-top:0;padding-right:0;padding-bottom:0;padding-left:0\"><strong>The history of the Beauvoir Keep - A thousand years of watching over Blois<\/strong><\/h2>\n\n\n\n<p class=\"has-text-align-center\" style=\"margin-right:0;margin-left:0;padding-right:var(--wp--preset--spacing--80);padding-left:var(--wp--preset--spacing--80)\">Majestically erected in the heart of Blois, <strong>le Donjon Beauvoir<\/strong> is one of those rare places where history still seems to vibrate in every stone. Built in <strong>XI\u1d49 century<\/strong>At the time, the town was fortifying itself to protect itself and assert its strategic importance, and it formed part of the imposing medieval defences that encircled the historic centre.<\/p>\n\n\n\n<p class=\"has-text-align-center\" style=\"padding-right:var(--wp--preset--spacing--80);padding-left:var(--wp--preset--spacing--80)\">This keep reported directly to the <strong>Count of Blois<\/strong>He was a powerful lord whose influence was felt throughout the region. He was a <strong>private fiefdom<\/strong>A symbol of authority and prestige, it played an essential role in guarding access to the city.<\/p>\n\n\n\n<p class=\"has-text-align-center\" style=\"padding-right:var(--wp--preset--spacing--80);padding-left:var(--wp--preset--spacing--80)\">Over the centuries, the Beauvoir Keep has been used for a variety of purposes. For a long time it was a lookout post and a marker of power, but at certain times it was also used as a place of detention. This function, although more austere, testifies to its strategic importance and architectural robustness.<\/p>\n\n\n\n<p class=\"has-text-align-center\" style=\"padding-right:var(--wp--preset--spacing--80);padding-left:var(--wp--preset--spacing--80)\">A discreet witness to the city's joys and torments, it has seen lords, craftsmen, travellers and inhabitants come and go. From its 24-metre height, it has contemplated the rise of the royal castle, the lively markets on the quays of the Loire and the great urban transformations that have shaped Blois.<\/p>\n\n\n\n<p class=\"&quot;wp-block-uagb-advanced-heading\" style=\"padding-right:var(--wp--preset--spacing--80);padding-left:var(--wp--preset--spacing--80)\"><strong>Listed historic monument<\/strong>The Donjon Beauvoir has survived nearly a thousand years, retaining its proud and elegant silhouette.<\/p>\n\n\n\n<p class=\"has-text-align-center\">Book now <a href=\"https:\/\/www.ledonjonbeauvoirblois.fr\/en\/services\/\" data-type=\"page\" data-id=\"1326\">ICI<\/a> your stay!<\/p>\n<\/div><\/div>\n<\/div><\/div>\n<\/div>\n\n\n\n<div class=\"wp-block-uagb-container &quot;wp-block-uagb-container uagb-block-790d4a4e alignfull uagb-is-root-container\"><div class=\"uagb-container-inner-blocks-wrap\">\n<div class=\"wp-block-uagb-container &quot;wp-block-uagb-container uagb-block-a3828369\">\n<div class=\"wp-block-uagb-image uagb-block-b2309ae0 wp-block-uagb-image--layout-default wp-block-uagb-image--effect-static wp-block-uagb-image--align-none &quot;wp-block-uagb-image\"><figure class=\"wp-block-uagb-image__figure\"><img decoding=\"async\" srcset=\"https:\/\/www.ledonjonbeauvoirblois.fr\/wp-content\/uploads\/2025\/08\/img-2-small580.jpg ,https:\/\/www.ledonjonbeauvoirblois.fr\/wp-content\/uploads\/2025\/08\/img-2-small580.jpg 780w, https:\/\/www.ledonjonbeauvoirblois.fr\/wp-content\/uploads\/2025\/08\/img-2-small580.jpg 360w\" sizes=\"auto, (max-width: 480px) 150px\" src=\"https:\/\/www.ledonjonbeauvoirblois.fr\/wp-content\/uploads\/2025\/08\/img-2-small580.jpg\" alt=\"img 2 small580\" class=\"uag-image-2896\" width=\"580\" height=\"409\" title=\"img 2 small580\" loading=\"lazy\" role=\"img\"\/><\/figure><\/div>\n\n\n\n<div class=\"wp-block-uagb-image uagb-block-5539f590 wp-block-uagb-image--layout-default wp-block-uagb-image--effect-static wp-block-uagb-image--align-none &quot;wp-block-uagb-image\"><figure class=\"wp-block-uagb-image__figure\"><img decoding=\"async\" srcset=\"https:\/\/www.ledonjonbeauvoirblois.fr\/wp-content\/uploads\/2025\/08\/PHOTO-JACQUES-CARBONEL.jpeg ,https:\/\/www.ledonjonbeauvoirblois.fr\/wp-content\/uploads\/2025\/08\/PHOTO-JACQUES-CARBONEL.jpeg 780w, https:\/\/www.ledonjonbeauvoirblois.fr\/wp-content\/uploads\/2025\/08\/PHOTO-JACQUES-CARBONEL.jpeg 360w\" sizes=\"auto, (max-width: 480px) 150px\" src=\"https:\/\/www.ledonjonbeauvoirblois.fr\/wp-content\/uploads\/2025\/08\/PHOTO-JACQUES-CARBONEL.jpeg\" alt=\"photo jacques carbonel\" class=\"uag-image-2897\" width=\"555\" height=\"780\" title=\"photo jacques carbonel\" loading=\"lazy\" role=\"img\"\/><\/figure><\/div>\n\n\n\n<div class=\"wp-block-uagb-image uagb-block-f63eccf2 wp-block-uagb-image--layout-default wp-block-uagb-image--effect-static wp-block-uagb-image--align-none &quot;wp-block-uagb-image\"><figure class=\"wp-block-uagb-image__figure\"><img decoding=\"async\" srcset=\"https:\/\/www.ledonjonbeauvoirblois.fr\/wp-content\/uploads\/2025\/08\/FRAD041_0011_Fi_00577-1-1024x660.jpg ,https:\/\/www.ledonjonbeauvoirblois.fr\/wp-content\/uploads\/2025\/08\/FRAD041_0011_Fi_00577-1.jpg 780w, https:\/\/www.ledonjonbeauvoirblois.fr\/wp-content\/uploads\/2025\/08\/FRAD041_0011_Fi_00577-1.jpg 360w\" sizes=\"auto, (max-width: 480px) 150px\" src=\"https:\/\/www.ledonjonbeauvoirblois.fr\/wp-content\/uploads\/2025\/08\/FRAD041_0011_Fi_00577-1-1024x660.jpg\" alt=\"frad041 0011 fi 00577\" class=\"uag-image-2898\" width=\"1890\" height=\"1218\" title=\"frad041 0011 fi 00577\" loading=\"lazy\" role=\"img\"\/><\/figure><\/div>\n<\/div>\n<\/div><\/div>","protected":false},"excerpt":{"rendered":"<p>L\u2019histoire du Donjon Beauvoir \u2013 Mille ans de veille sur Blois Majestueusement dress\u00e9 au c\u0153ur de Blois, le Donjon Beauvoir est l\u2019un de ces lieux rares o\u00f9 l\u2019histoire semble encore vibrer dans chaque pierre. \u00c9difi\u00e9 au XI\u1d49 si\u00e8cle, \u00e0 l\u2019\u00e9poque o\u00f9 la ville se fortifiait pour se prot\u00e9ger et affirmer son importance strat\u00e9gique, il faisait&#8230;<\/p>","protected":false},"author":2,"featured_media":0,"parent":0,"menu_order":0,"comment_status":"closed","ping_status":"closed","template":"","meta":{"_uag_custom_page_level_css":"","_kad_post_transparent":"","_kad_post_title":"","_kad_post_layout":"","_kad_post_sidebar_id":"","_kad_post_content_style":"","_kad_post_vertical_padding":"","_kad_post_feature":"","_kad_post_feature_position":"","_kad_post_header":false,"_kad_post_footer":false,"footnotes":""},"class_list":["post-2802","page","type-page","status-publish","hentry"],"yoast_head":"<!-- This site is optimized with the Yoast SEO plugin v27.1.1 - https:\/\/yoast.com\/product\/yoast-seo-wordpress\/ -->\n<title>Histoire - Tour Beauvoir - Donjon Beauvoir<\/title>\n<meta name=\"robots\" content=\"index, follow, max-snippet:-1, max-image-preview:large, max-video-preview:-1\" \/>\n<link rel=\"canonical\" href=\"https:\/\/www.ledonjonbeauvoirblois.fr\/en\/contact-2\/\" \/>\n<meta property=\"og:locale\" content=\"en_GB\" \/>\n<meta property=\"og:type\" content=\"article\" \/>\n<meta property=\"og:title\" content=\"Histoire - Tour Beauvoir - Donjon Beauvoir\" \/>\n<meta property=\"og:description\" content=\"L\u2019histoire du Donjon Beauvoir \u2013 Mille ans de veille sur Blois Majestueusement dress\u00e9 au c\u0153ur de Blois, le Donjon Beauvoir est l\u2019un de ces lieux rares o\u00f9 l\u2019histoire semble encore vibrer dans chaque pierre. \u00c9difi\u00e9 au XI\u1d49 si\u00e8cle, \u00e0 l\u2019\u00e9poque o\u00f9 la ville se fortifiait pour se prot\u00e9ger et affirmer son importance strat\u00e9gique, il faisait...\" \/>\n<meta property=\"og:url\" content=\"https:\/\/www.ledonjonbeauvoirblois.fr\/en\/contact-2\/\" \/>\n<meta property=\"og:site_name\" content=\"Tour Beauvoir - Donjon Beauvoir\" \/>\n<meta property=\"article:modified_time\" content=\"2025-11-27T10:04:08+00:00\" \/>\n<meta property=\"og:image\" content=\"https:\/\/www.ledonjonbeauvoirblois.fr\/wp-content\/uploads\/2025\/08\/img-2-small580.jpg\" \/>\n<meta name=\"twitter:card\" content=\"summary_large_image\" \/>\n<meta name=\"twitter:label1\" content=\"Estimated reading time\" \/>\n\t<meta name=\"twitter:data1\" content=\"2 minutes\" \/>\n<script type=\"application\/ld+json\" class=\"yoast-schema-graph\">{\"@context\":\"https:\/\/schema.org\",\"@graph\":[{\"@type\":\"WebPage\",\"@id\":\"https:\/\/www.ledonjonbeauvoirblois.fr\/contact-2\/\",\"url\":\"https:\/\/www.ledonjonbeauvoirblois.fr\/contact-2\/\",\"name\":\"Histoire - Tour Beauvoir - Donjon Beauvoir\",\"isPartOf\":{\"@id\":\"https:\/\/www.ledonjonbeauvoirblois.fr\/#website\"},\"primaryImageOfPage\":{\"@id\":\"https:\/\/www.ledonjonbeauvoirblois.fr\/contact-2\/#primaryimage\"},\"image\":{\"@id\":\"https:\/\/www.ledonjonbeauvoirblois.fr\/contact-2\/#primaryimage\"},\"thumbnailUrl\":\"https:\/\/www.ledonjonbeauvoirblois.fr\/wp-content\/uploads\/2025\/08\/img-2-small580.jpg\",\"datePublished\":\"2025-08-12T10:44:09+00:00\",\"dateModified\":\"2025-11-27T10:04:08+00:00\",\"breadcrumb\":{\"@id\":\"https:\/\/www.ledonjonbeauvoirblois.fr\/contact-2\/#breadcrumb\"},\"inLanguage\":\"en-GB\",\"potentialAction\":[{\"@type\":\"ReadAction\",\"target\":[\"https:\/\/www.ledonjonbeauvoirblois.fr\/contact-2\/\"]}]},{\"@type\":\"ImageObject\",\"inLanguage\":\"en-GB\",\"@id\":\"https:\/\/www.ledonjonbeauvoirblois.fr\/contact-2\/#primaryimage\",\"url\":\"https:\/\/www.ledonjonbeauvoirblois.fr\/wp-content\/uploads\/2025\/08\/img-2-small580.jpg\",\"contentUrl\":\"https:\/\/www.ledonjonbeauvoirblois.fr\/wp-content\/uploads\/2025\/08\/img-2-small580.jpg\"},{\"@type\":\"BreadcrumbList\",\"@id\":\"https:\/\/www.ledonjonbeauvoirblois.fr\/contact-2\/#breadcrumb\",\"itemListElement\":[{\"@type\":\"ListItem\",\"position\":1,\"name\":\"Accueil\",\"item\":\"https:\/\/www.ledonjonbeauvoirblois.fr\/\"},{\"@type\":\"ListItem\",\"position\":2,\"name\":\"Histoire\"}]},{\"@type\":\"WebSite\",\"@id\":\"https:\/\/www.ledonjonbeauvoirblois.fr\/#website\",\"url\":\"https:\/\/www.ledonjonbeauvoirblois.fr\/\",\"name\":\"Tour Beauvoir - Donjon Beauvoir\",\"description\":\"\",\"publisher\":{\"@id\":\"https:\/\/www.ledonjonbeauvoirblois.fr\/#organization\"},\"potentialAction\":[{\"@type\":\"SearchAction\",\"target\":{\"@type\":\"EntryPoint\",\"urlTemplate\":\"https:\/\/www.ledonjonbeauvoirblois.fr\/?s={search_term_string}\"},\"query-input\":{\"@type\":\"PropertyValueSpecification\",\"valueRequired\":true,\"valueName\":\"search_term_string\"}}],\"inLanguage\":\"en-GB\"},{\"@type\":\"Organization\",\"@id\":\"https:\/\/www.ledonjonbeauvoirblois.fr\/#organization\",\"name\":\"Tour Beauvoir - Donjon Beauvoir\",\"url\":\"https:\/\/www.ledonjonbeauvoirblois.fr\/\",\"logo\":{\"@type\":\"ImageObject\",\"inLanguage\":\"en-GB\",\"@id\":\"https:\/\/www.ledonjonbeauvoirblois.fr\/#\/schema\/logo\/image\/\",\"url\":\"https:\/\/www.ledonjonbeauvoirblois.fr\/wp-content\/uploads\/2025\/08\/logo-tour-beauvoir-1.png\",\"contentUrl\":\"https:\/\/www.ledonjonbeauvoirblois.fr\/wp-content\/uploads\/2025\/08\/logo-tour-beauvoir-1.png\",\"width\":1563,\"height\":1563,\"caption\":\"Tour Beauvoir - Donjon Beauvoir\"},\"image\":{\"@id\":\"https:\/\/www.ledonjonbeauvoirblois.fr\/#\/schema\/logo\/image\/\"}}]}<\/script>\n<!-- \/ Yoast SEO plugin. -->","yoast_head_json":{"title":"Histoire - Tour Beauvoir - Donjon Beauvoir","robots":{"index":"index","follow":"follow","max-snippet":"max-snippet:-1","max-image-preview":"max-image-preview:large","max-video-preview":"max-video-preview:-1"},"canonical":"https:\/\/www.ledonjonbeauvoirblois.fr\/en\/contact-2\/","og_locale":"en_GB","og_type":"article","og_title":"Histoire - Tour Beauvoir - Donjon Beauvoir","og_description":"L\u2019histoire du Donjon Beauvoir \u2013 Mille ans de veille sur Blois Majestueusement dress\u00e9 au c\u0153ur de Blois, le Donjon Beauvoir est l\u2019un de ces lieux rares o\u00f9 l\u2019histoire semble encore vibrer dans chaque pierre. \u00c9difi\u00e9 au XI\u1d49 si\u00e8cle, \u00e0 l\u2019\u00e9poque o\u00f9 la ville se fortifiait pour se prot\u00e9ger et affirmer son importance strat\u00e9gique, il faisait...","og_url":"https:\/\/www.ledonjonbeauvoirblois.fr\/en\/contact-2\/","og_site_name":"Tour Beauvoir - Donjon Beauvoir","article_modified_time":"2025-11-27T10:04:08+00:00","og_image":[{"url":"https:\/\/www.ledonjonbeauvoirblois.fr\/wp-content\/uploads\/2025\/08\/img-2-small580.jpg","type":"","width":"","height":""}],"twitter_card":"summary_large_image","twitter_misc":{"Estimated reading time":"2 minutes"},"schema":{"@context":"https:\/\/schema.org","@graph":[{"@type":"WebPage","@id":"https:\/\/www.ledonjonbeauvoirblois.fr\/contact-2\/","url":"https:\/\/www.ledonjonbeauvoirblois.fr\/contact-2\/","name":"Histoire - Tour Beauvoir - Donjon Beauvoir","isPartOf":{"@id":"https:\/\/www.ledonjonbeauvoirblois.fr\/#website"},"primaryImageOfPage":{"@id":"https:\/\/www.ledonjonbeauvoirblois.fr\/contact-2\/#primaryimage"},"image":{"@id":"https:\/\/www.ledonjonbeauvoirblois.fr\/contact-2\/#primaryimage"},"thumbnailUrl":"https:\/\/www.ledonjonbeauvoirblois.fr\/wp-content\/uploads\/2025\/08\/img-2-small580.jpg","datePublished":"2025-08-12T10:44:09+00:00","dateModified":"2025-11-27T10:04:08+00:00","breadcrumb":{"@id":"https:\/\/www.ledonjonbeauvoirblois.fr\/contact-2\/#breadcrumb"},"inLanguage":"en-GB","potentialAction":[{"@type":"ReadAction","target":["https:\/\/www.ledonjonbeauvoirblois.fr\/contact-2\/"]}]},{"@type":"ImageObject","inLanguage":"en-GB","@id":"https:\/\/www.ledonjonbeauvoirblois.fr\/contact-2\/#primaryimage","url":"https:\/\/www.ledonjonbeauvoirblois.fr\/wp-content\/uploads\/2025\/08\/img-2-small580.jpg","contentUrl":"https:\/\/www.ledonjonbeauvoirblois.fr\/wp-content\/uploads\/2025\/08\/img-2-small580.jpg"},{"@type":"BreadcrumbList","@id":"https:\/\/www.ledonjonbeauvoirblois.fr\/contact-2\/#breadcrumb","itemListElement":[{"@type":"ListItem","position":1,"name":"Accueil","item":"https:\/\/www.ledonjonbeauvoirblois.fr\/"},{"@type":"ListItem","position":2,"name":"Histoire"}]},{"@type":"WebSite","@id":"https:\/\/www.ledonjonbeauvoirblois.fr\/#website","url":"https:\/\/www.ledonjonbeauvoirblois.fr\/","name":"Tour Beauvoir - Donjon Beauvoir","description":"","publisher":{"@id":"https:\/\/www.ledonjonbeauvoirblois.fr\/#organization"},"potentialAction":[{"@type":"SearchAction","target":{"@type":"EntryPoint","urlTemplate":"https:\/\/www.ledonjonbeauvoirblois.fr\/?s={search_term_string}"},"query-input":{"@type":"PropertyValueSpecification","valueRequired":true,"valueName":"search_term_string"}}],"inLanguage":"en-GB"},{"@type":"Organization","@id":"https:\/\/www.ledonjonbeauvoirblois.fr\/#organization","name":"Tour Beauvoir - Donjon Beauvoir","url":"https:\/\/www.ledonjonbeauvoirblois.fr\/","logo":{"@type":"ImageObject","inLanguage":"en-GB","@id":"https:\/\/www.ledonjonbeauvoirblois.fr\/#\/schema\/logo\/image\/","url":"https:\/\/www.ledonjonbeauvoirblois.fr\/wp-content\/uploads\/2025\/08\/logo-tour-beauvoir-1.png","contentUrl":"https:\/\/www.ledonjonbeauvoirblois.fr\/wp-content\/uploads\/2025\/08\/logo-tour-beauvoir-1.png","width":1563,"height":1563,"caption":"Tour Beauvoir - Donjon Beauvoir"},"image":{"@id":"https:\/\/www.ledonjonbeauvoirblois.fr\/#\/schema\/logo\/image\/"}}]}},"uagb_featured_image_src":{"full":false,"thumbnail":false,"medium":false,"medium_large":false,"large":false,"1536x1536":false,"2048x2048":false,"trp-custom-language-flag":false},"uagb_author_info":{"display_name":"Johanna Canalias","author_link":"https:\/\/www.ledonjonbeauvoirblois.fr\/en\/author\/johanna\/"},"uagb_comment_info":0,"uagb_excerpt":"L\u2019histoire du Donjon Beauvoir \u2013 Mille ans de veille sur Blois Majestueusement dress\u00e9 au c\u0153ur de Blois, le Donjon Beauvoir est l\u2019un de ces lieux rares o\u00f9 l\u2019histoire semble encore vibrer dans chaque pierre. \u00c9difi\u00e9 au XI\u1d49 si\u00e8cle, \u00e0 l\u2019\u00e9poque o\u00f9 la ville se fortifiait pour se prot\u00e9ger et affirmer son importance strat\u00e9gique, il faisait...","_links":{"self":[{"href":"https:\/\/www.ledonjonbeauvoirblois.fr\/en\/wp-json\/wp\/v2\/pages\/2802","targetHints":{"allow":["GET"]}}],"collection":[{"href":"https:\/\/www.ledonjonbeauvoirblois.fr\/en\/wp-json\/wp\/v2\/pages"}],"about":[{"href":"https:\/\/www.ledonjonbeauvoirblois.fr\/en\/wp-json\/wp\/v2\/types\/page"}],"author":[{"embeddable":true,"href":"https:\/\/www.ledonjonbeauvoirblois.fr\/en\/wp-json\/wp\/v2\/users\/2"}],"replies":[{"embeddable":true,"href":"https:\/\/www.ledonjonbeauvoirblois.fr\/en\/wp-json\/wp\/v2\/comments?post=2802"}],"version-history":[{"count":20,"href":"https:\/\/www.ledonjonbeauvoirblois.fr\/en\/wp-json\/wp\/v2\/pages\/2802\/revisions"}],"predecessor-version":[{"id":3163,"href":"https:\/\/www.ledonjonbeauvoirblois.fr\/en\/wp-json\/wp\/v2\/pages\/2802\/revisions\/3163"}],"wp:attachment":[{"href":"https:\/\/www.ledonjonbeauvoirblois.fr\/en\/wp-json\/wp\/v2\/media?parent=2802"}],"curies":[{"name":"wp","href":"https:\/\/api.w.org\/{rel}","templated":true}]}}