{"id":2801,"date":"2025-08-12T12:44:03","date_gmt":"2025-08-12T10:44:03","guid":{"rendered":"https:\/\/www.ledonjonbeauvoirblois.fr\/services-2\/"},"modified":"2025-08-19T20:29:57","modified_gmt":"2025-08-19T18:29:57","slug":"services-2","status":"publish","type":"page","link":"https:\/\/www.ledonjonbeauvoirblois.fr\/en\/services-2\/","title":{"rendered":"Tourism"},"content":{"rendered":"<h2 class=\"wp-block-heading\">Beautiful escapes around the Donjon Beauvoir<\/h2>\n\n\n\n<div class=\"wp-block-uagb-container &quot;wp-block-uagb-container uagb-block-2bfacbe3 alignfull uagb-is-root-container\"><div class=\"uagb-container-inner-blocks-wrap\">\n<p class=\"&quot;wp-block-uagb-advanced-heading\">Our region is full of treasures to discover, combining royal heritage, art, nature and wonder. Here is a selection of emblematic places and original experiences to help you plan your getaway with peace of mind. Don't hesitate to contact us: we'll be delighted to advise you on your itineraries and excursions. <\/p>\n<\/div><\/div>\n\n\n\n<div class=\"wp-block-uagb-container &quot;wp-block-uagb-container uagb-block-829d49e2 alignfull uagb-is-root-container\"><div class=\"uagb-container-inner-blocks-wrap\">\n<div class=\"wp-block-uagb-container &quot;wp-block-uagb-container uagb-block-3b7ee5e4\">\n<h3 class=\"wp-block-heading\"><strong>Royal Ch\u00e2teau of Blois<\/strong><\/h3>\n\n\n\n<p>An architectural jewel between the Middle Ages and the Renaissance, it occupies a central place in the city's history. Its flamboyant Gothic, Renaissance and classical facades follow one another in exceptional harmony. You can admire it from the terrace!<\/p>\n\n\n<div class=\"wp-block-image\">\n<figure class=\"aligncenter size-large is-resized\"><img loading=\"lazy\" decoding=\"async\" width=\"1024\" height=\"576\" src=\"https:\/\/www.ledonjonbeauvoirblois.fr\/wp-content\/uploads\/2025\/08\/chateau_blois_2_dlepissier-1536x864-1-1024x576.jpeg\" alt=\"chateau blois 2 dlepissier 1536x864\" class=\"wp-image-2906\" style=\"width:480px;height:auto\" srcset=\"https:\/\/www.ledonjonbeauvoirblois.fr\/wp-content\/uploads\/2025\/08\/chateau_blois_2_dlepissier-1536x864-1-1024x576.jpeg 1024w, https:\/\/www.ledonjonbeauvoirblois.fr\/wp-content\/uploads\/2025\/08\/chateau_blois_2_dlepissier-1536x864-1-300x169.jpeg 300w, https:\/\/www.ledonjonbeauvoirblois.fr\/wp-content\/uploads\/2025\/08\/chateau_blois_2_dlepissier-1536x864-1-768x432.jpeg 768w, https:\/\/www.ledonjonbeauvoirblois.fr\/wp-content\/uploads\/2025\/08\/chateau_blois_2_dlepissier-1536x864-1.jpeg 1536w\" sizes=\"auto, (max-width: 1024px) 100vw, 1024px\" \/><\/figure>\n<\/div>\n\n\n<p class=\"has-text-align-center\"><a href=\"https:\/\/www.chateaudeblois.fr\">https:\/\/www.chateaudeblois.fr<\/a><\/p>\n\n\n\n<h3 class=\"wp-block-heading\"><strong>House of Magic<\/strong><\/h3>\n\n\n\n<p>Immerse yourself in an enchanting world of illusions and mysteries. This unique venue offers captivating shows and exhibitions in a setting imbued with poetry.<\/p>\n\n\n<div class=\"wp-block-image\">\n<figure class=\"aligncenter size-full is-resized\"><img loading=\"lazy\" decoding=\"async\" width=\"640\" height=\"360\" src=\"https:\/\/www.ledonjonbeauvoirblois.fr\/wp-content\/uploads\/2025\/08\/640px-Blois.Maison_de_la_Magie.wmt_-edited.jpg\" alt=\"640px blois.maison de la magie.wmt edited\" class=\"wp-image-2901\" style=\"width:462px;height:auto\" srcset=\"https:\/\/www.ledonjonbeauvoirblois.fr\/wp-content\/uploads\/2025\/08\/640px-Blois.Maison_de_la_Magie.wmt_-edited.jpg 640w, https:\/\/www.ledonjonbeauvoirblois.fr\/wp-content\/uploads\/2025\/08\/640px-Blois.Maison_de_la_Magie.wmt_-edited-300x169.jpg 300w\" sizes=\"auto, (max-width: 640px) 100vw, 640px\" \/><\/figure>\n<\/div>\n\n\n<p class=\"has-text-align-center\"><a href=\"https:\/\/www.maisondelamagie.fr\">https:\/\/www.maisondelamagie.fr<\/a><\/p>\n\n\n\n<h3 class=\"wp-block-heading\"><strong>Jardins de l'\u00c9v\u00each\u00e9 and Roseraie<\/strong><\/h3>\n\n\n\n<p>Treat yourself to a floral walk in this French-style garden, located on the site of the former bishop's palace. The views over the Loire are exceptional, and the rose garden, which has been awarded the Jardin Remarkable label, will delight nature lovers.<\/p>\n\n\n\n<h3 class=\"wp-block-heading\"><strong>Nearby Loire castles<\/strong><\/h3>\n\n\n\n<ul class=\"wp-block-list\">\n<li><strong>Chambord<\/strong>a Renaissance masterpiece and World Heritage Site.<\/li>\n\n\n\n<li><strong>Cheverny<\/strong>This elegant, family-friendly venue features an exhibition inspired by Tintin.<\/li>\n\n\n\n<li><strong>Chenonceau<\/strong>the \"Ch\u00e2teau des Dames\", perched on the Cher, famous for its sublime gardens.<\/li>\n<\/ul>\n\n\n\n<figure class=\"wp-block-gallery has-nested-images columns-default is-cropped wp-block-gallery-1 is-layout-flex wp-block-gallery-is-layout-flex\">\n<figure class=\"wp-block-image size-large\"><img loading=\"lazy\" decoding=\"async\" width=\"1024\" height=\"477\" data-id=\"2903\" src=\"https:\/\/www.ledonjonbeauvoirblois.fr\/wp-content\/uploads\/2025\/08\/chambord-1024x477-1.jpeg\" alt=\"chambord 1024x477\" class=\"wp-image-2903\" srcset=\"https:\/\/www.ledonjonbeauvoirblois.fr\/wp-content\/uploads\/2025\/08\/chambord-1024x477-1.jpeg 1024w, https:\/\/www.ledonjonbeauvoirblois.fr\/wp-content\/uploads\/2025\/08\/chambord-1024x477-1-300x140.jpeg 300w, https:\/\/www.ledonjonbeauvoirblois.fr\/wp-content\/uploads\/2025\/08\/chambord-1024x477-1-768x358.jpeg 768w\" sizes=\"auto, (max-width: 1024px) 100vw, 1024px\" \/><\/figure>\n\n\n\n<figure class=\"wp-block-image size-large\"><img loading=\"lazy\" decoding=\"async\" width=\"800\" height=\"502\" data-id=\"2902\" src=\"https:\/\/www.ledonjonbeauvoirblois.fr\/wp-content\/uploads\/2025\/08\/chenonceau.jpeg\" alt=\"chateau de chenonceau is a french castle spanning the river cher near chenonceaux village, loire valley in france\" class=\"wp-image-2902\" srcset=\"https:\/\/www.ledonjonbeauvoirblois.fr\/wp-content\/uploads\/2025\/08\/chenonceau.jpeg 800w, https:\/\/www.ledonjonbeauvoirblois.fr\/wp-content\/uploads\/2025\/08\/chenonceau-300x188.jpeg 300w, https:\/\/www.ledonjonbeauvoirblois.fr\/wp-content\/uploads\/2025\/08\/chenonceau-768x482.jpeg 768w\" sizes=\"auto, (max-width: 800px) 100vw, 800px\" \/><\/figure>\n\n\n\n<figure class=\"wp-block-image size-large\"><img loading=\"lazy\" decoding=\"async\" width=\"550\" height=\"309\" data-id=\"2904\" src=\"https:\/\/www.ledonjonbeauvoirblois.fr\/wp-content\/uploads\/2025\/08\/cheverny-1-edited.jpeg\" alt=\"cheverny 1 edited\" class=\"wp-image-2904\" srcset=\"https:\/\/www.ledonjonbeauvoirblois.fr\/wp-content\/uploads\/2025\/08\/cheverny-1-edited.jpeg 550w, https:\/\/www.ledonjonbeauvoirblois.fr\/wp-content\/uploads\/2025\/08\/cheverny-1-edited-300x169.jpeg 300w\" sizes=\"auto, (max-width: 550px) 100vw, 550px\" \/><\/figure>\n<\/figure>\n\n\n\n<h3 class=\"wp-block-heading\"><strong>The Loire by bike<\/strong><\/h3>\n\n\n\n<p>Take advantage of a prestigious cycle path right from where you are staying, to explore the region on a bucolic ride. Bike hire available on site.<\/p>\n<\/div>\n\n\n<div class=\"wp-block-image\">\n<figure class=\"aligncenter size-full\"><img loading=\"lazy\" decoding=\"async\" width=\"640\" height=\"360\" src=\"https:\/\/www.ledonjonbeauvoirblois.fr\/wp-content\/uploads\/2025\/08\/guillaume-techer-MauqEsHb9gA-unsplash-edited.jpeg\" alt=\"guillaume techer mauqeshb9ga unsplash edited\" class=\"wp-image-2905\" srcset=\"https:\/\/www.ledonjonbeauvoirblois.fr\/wp-content\/uploads\/2025\/08\/guillaume-techer-MauqEsHb9gA-unsplash-edited.jpeg 640w, https:\/\/www.ledonjonbeauvoirblois.fr\/wp-content\/uploads\/2025\/08\/guillaume-techer-MauqEsHb9gA-unsplash-edited-300x169.jpeg 300w\" sizes=\"auto, (max-width: 640px) 100vw, 640px\" \/><\/figure>\n<\/div><\/div><\/div>","protected":false},"excerpt":{"rendered":"<p>\u00c9chapp\u00e9es belles autour du Donjon Beauvoir Notre r\u00e9gion regorge de tr\u00e9sors \u00e0 d\u00e9couvrir, m\u00ealant patrimoine royal, art, nature et \u00e9merveillement. Voici une s\u00e9lection de lieux embl\u00e9matiques et d\u2019exp\u00e9riences originales pour pr\u00e9parer votre escapade en toute s\u00e9r\u00e9nit\u00e9. N\u2019h\u00e9sitez pas \u00e0 nous solliciter : nous serons ravis de vous conseiller sur vos itin\u00e9raires et excursions. Ch\u00e2teau Royal&#8230;<\/p>","protected":false},"author":2,"featured_media":0,"parent":0,"menu_order":0,"comment_status":"closed","ping_status":"closed","template":"","meta":{"_uag_custom_page_level_css":"","_kad_post_transparent":"","_kad_post_title":"","_kad_post_layout":"","_kad_post_sidebar_id":"","_kad_post_content_style":"","_kad_post_vertical_padding":"","_kad_post_feature":"","_kad_post_feature_position":"","_kad_post_header":false,"_kad_post_footer":false,"footnotes":""},"class_list":["post-2801","page","type-page","status-publish","hentry"],"yoast_head":"<!-- This site is optimized with the Yoast SEO plugin v27.1.1 - https:\/\/yoast.com\/product\/yoast-seo-wordpress\/ -->\n<title>Tourisme - Tour Beauvoir - Donjon Beauvoir<\/title>\n<meta name=\"robots\" content=\"index, follow, max-snippet:-1, max-image-preview:large, max-video-preview:-1\" \/>\n<link rel=\"canonical\" href=\"https:\/\/www.ledonjonbeauvoirblois.fr\/en\/services-2\/\" \/>\n<meta property=\"og:locale\" content=\"en_GB\" \/>\n<meta property=\"og:type\" content=\"article\" \/>\n<meta property=\"og:title\" content=\"Tourisme - Tour Beauvoir - Donjon Beauvoir\" \/>\n<meta property=\"og:description\" content=\"\u00c9chapp\u00e9es belles autour du Donjon Beauvoir Notre r\u00e9gion regorge de tr\u00e9sors \u00e0 d\u00e9couvrir, m\u00ealant patrimoine royal, art, nature et \u00e9merveillement. Voici une s\u00e9lection de lieux embl\u00e9matiques et d\u2019exp\u00e9riences originales pour pr\u00e9parer votre escapade en toute s\u00e9r\u00e9nit\u00e9. N\u2019h\u00e9sitez pas \u00e0 nous solliciter : nous serons ravis de vous conseiller sur vos itin\u00e9raires et excursions. Ch\u00e2teau Royal...\" \/>\n<meta property=\"og:url\" content=\"https:\/\/www.ledonjonbeauvoirblois.fr\/en\/services-2\/\" \/>\n<meta property=\"og:site_name\" content=\"Tour Beauvoir - Donjon Beauvoir\" \/>\n<meta property=\"article:modified_time\" content=\"2025-08-19T18:29:57+00:00\" \/>\n<meta property=\"og:image\" content=\"https:\/\/www.ledonjonbeauvoirblois.fr\/wp-content\/uploads\/2025\/08\/chateau_blois_2_dlepissier-1536x864-1-1024x576.jpeg\" \/>\n<meta name=\"twitter:card\" content=\"summary_large_image\" \/>\n<meta name=\"twitter:label1\" content=\"Estimated reading time\" \/>\n\t<meta name=\"twitter:data1\" content=\"2 minutes\" \/>\n<script type=\"application\/ld+json\" class=\"yoast-schema-graph\">{\"@context\":\"https:\/\/schema.org\",\"@graph\":[{\"@type\":\"WebPage\",\"@id\":\"https:\/\/www.ledonjonbeauvoirblois.fr\/en\/services-2\/\",\"url\":\"https:\/\/www.ledonjonbeauvoirblois.fr\/en\/services-2\/\",\"name\":\"Tourisme - Tour Beauvoir - Donjon Beauvoir\",\"isPartOf\":{\"@id\":\"https:\/\/www.ledonjonbeauvoirblois.fr\/#website\"},\"primaryImageOfPage\":{\"@id\":\"https:\/\/www.ledonjonbeauvoirblois.fr\/en\/services-2\/#primaryimage\"},\"image\":{\"@id\":\"https:\/\/www.ledonjonbeauvoirblois.fr\/en\/services-2\/#primaryimage\"},\"thumbnailUrl\":\"https:\/\/www.ledonjonbeauvoirblois.fr\/wp-content\/uploads\/2025\/08\/chateau_blois_2_dlepissier-1536x864-1-1024x576.jpeg\",\"datePublished\":\"2025-08-12T10:44:03+00:00\",\"dateModified\":\"2025-08-19T18:29:57+00:00\",\"breadcrumb\":{\"@id\":\"https:\/\/www.ledonjonbeauvoirblois.fr\/en\/services-2\/#breadcrumb\"},\"inLanguage\":\"en-GB\",\"potentialAction\":[{\"@type\":\"ReadAction\",\"target\":[\"https:\/\/www.ledonjonbeauvoirblois.fr\/en\/services-2\/\"]}]},{\"@type\":\"ImageObject\",\"inLanguage\":\"en-GB\",\"@id\":\"https:\/\/www.ledonjonbeauvoirblois.fr\/en\/services-2\/#primaryimage\",\"url\":\"https:\/\/www.ledonjonbeauvoirblois.fr\/wp-content\/uploads\/2025\/08\/chateau_blois_2_dlepissier-1536x864-1-1024x576.jpeg\",\"contentUrl\":\"https:\/\/www.ledonjonbeauvoirblois.fr\/wp-content\/uploads\/2025\/08\/chateau_blois_2_dlepissier-1536x864-1-1024x576.jpeg\"},{\"@type\":\"BreadcrumbList\",\"@id\":\"https:\/\/www.ledonjonbeauvoirblois.fr\/en\/services-2\/#breadcrumb\",\"itemListElement\":[{\"@type\":\"ListItem\",\"position\":1,\"name\":\"Accueil\",\"item\":\"https:\/\/www.ledonjonbeauvoirblois.fr\/\"},{\"@type\":\"ListItem\",\"position\":2,\"name\":\"Tourisme\"}]},{\"@type\":\"WebSite\",\"@id\":\"https:\/\/www.ledonjonbeauvoirblois.fr\/#website\",\"url\":\"https:\/\/www.ledonjonbeauvoirblois.fr\/\",\"name\":\"Tour Beauvoir - Donjon Beauvoir\",\"description\":\"\",\"publisher\":{\"@id\":\"https:\/\/www.ledonjonbeauvoirblois.fr\/#organization\"},\"potentialAction\":[{\"@type\":\"SearchAction\",\"target\":{\"@type\":\"EntryPoint\",\"urlTemplate\":\"https:\/\/www.ledonjonbeauvoirblois.fr\/?s={search_term_string}\"},\"query-input\":{\"@type\":\"PropertyValueSpecification\",\"valueRequired\":true,\"valueName\":\"search_term_string\"}}],\"inLanguage\":\"en-GB\"},{\"@type\":\"Organization\",\"@id\":\"https:\/\/www.ledonjonbeauvoirblois.fr\/#organization\",\"name\":\"Tour Beauvoir - Donjon Beauvoir\",\"url\":\"https:\/\/www.ledonjonbeauvoirblois.fr\/\",\"logo\":{\"@type\":\"ImageObject\",\"inLanguage\":\"en-GB\",\"@id\":\"https:\/\/www.ledonjonbeauvoirblois.fr\/#\/schema\/logo\/image\/\",\"url\":\"https:\/\/www.ledonjonbeauvoirblois.fr\/wp-content\/uploads\/2025\/08\/logo-tour-beauvoir-1.png\",\"contentUrl\":\"https:\/\/www.ledonjonbeauvoirblois.fr\/wp-content\/uploads\/2025\/08\/logo-tour-beauvoir-1.png\",\"width\":1563,\"height\":1563,\"caption\":\"Tour Beauvoir - Donjon Beauvoir\"},\"image\":{\"@id\":\"https:\/\/www.ledonjonbeauvoirblois.fr\/#\/schema\/logo\/image\/\"}}]}<\/script>\n<!-- \/ Yoast SEO plugin. -->","yoast_head_json":{"title":"Tourisme - Tour Beauvoir - Donjon Beauvoir","robots":{"index":"index","follow":"follow","max-snippet":"max-snippet:-1","max-image-preview":"max-image-preview:large","max-video-preview":"max-video-preview:-1"},"canonical":"https:\/\/www.ledonjonbeauvoirblois.fr\/en\/services-2\/","og_locale":"en_GB","og_type":"article","og_title":"Tourisme - Tour Beauvoir - Donjon Beauvoir","og_description":"\u00c9chapp\u00e9es belles autour du Donjon Beauvoir Notre r\u00e9gion regorge de tr\u00e9sors \u00e0 d\u00e9couvrir, m\u00ealant patrimoine royal, art, nature et \u00e9merveillement. Voici une s\u00e9lection de lieux embl\u00e9matiques et d\u2019exp\u00e9riences originales pour pr\u00e9parer votre escapade en toute s\u00e9r\u00e9nit\u00e9. N\u2019h\u00e9sitez pas \u00e0 nous solliciter : nous serons ravis de vous conseiller sur vos itin\u00e9raires et excursions. Ch\u00e2teau Royal...","og_url":"https:\/\/www.ledonjonbeauvoirblois.fr\/en\/services-2\/","og_site_name":"Tour Beauvoir - Donjon Beauvoir","article_modified_time":"2025-08-19T18:29:57+00:00","og_image":[{"url":"https:\/\/www.ledonjonbeauvoirblois.fr\/wp-content\/uploads\/2025\/08\/chateau_blois_2_dlepissier-1536x864-1-1024x576.jpeg","type":"","width":"","height":""}],"twitter_card":"summary_large_image","twitter_misc":{"Estimated reading time":"2 minutes"},"schema":{"@context":"https:\/\/schema.org","@graph":[{"@type":"WebPage","@id":"https:\/\/www.ledonjonbeauvoirblois.fr\/en\/services-2\/","url":"https:\/\/www.ledonjonbeauvoirblois.fr\/en\/services-2\/","name":"Tourisme - Tour Beauvoir - Donjon Beauvoir","isPartOf":{"@id":"https:\/\/www.ledonjonbeauvoirblois.fr\/#website"},"primaryImageOfPage":{"@id":"https:\/\/www.ledonjonbeauvoirblois.fr\/en\/services-2\/#primaryimage"},"image":{"@id":"https:\/\/www.ledonjonbeauvoirblois.fr\/en\/services-2\/#primaryimage"},"thumbnailUrl":"https:\/\/www.ledonjonbeauvoirblois.fr\/wp-content\/uploads\/2025\/08\/chateau_blois_2_dlepissier-1536x864-1-1024x576.jpeg","datePublished":"2025-08-12T10:44:03+00:00","dateModified":"2025-08-19T18:29:57+00:00","breadcrumb":{"@id":"https:\/\/www.ledonjonbeauvoirblois.fr\/en\/services-2\/#breadcrumb"},"inLanguage":"en-GB","potentialAction":[{"@type":"ReadAction","target":["https:\/\/www.ledonjonbeauvoirblois.fr\/en\/services-2\/"]}]},{"@type":"ImageObject","inLanguage":"en-GB","@id":"https:\/\/www.ledonjonbeauvoirblois.fr\/en\/services-2\/#primaryimage","url":"https:\/\/www.ledonjonbeauvoirblois.fr\/wp-content\/uploads\/2025\/08\/chateau_blois_2_dlepissier-1536x864-1-1024x576.jpeg","contentUrl":"https:\/\/www.ledonjonbeauvoirblois.fr\/wp-content\/uploads\/2025\/08\/chateau_blois_2_dlepissier-1536x864-1-1024x576.jpeg"},{"@type":"BreadcrumbList","@id":"https:\/\/www.ledonjonbeauvoirblois.fr\/en\/services-2\/#breadcrumb","itemListElement":[{"@type":"ListItem","position":1,"name":"Accueil","item":"https:\/\/www.ledonjonbeauvoirblois.fr\/"},{"@type":"ListItem","position":2,"name":"Tourisme"}]},{"@type":"WebSite","@id":"https:\/\/www.ledonjonbeauvoirblois.fr\/#website","url":"https:\/\/www.ledonjonbeauvoirblois.fr\/","name":"Tour Beauvoir - Donjon Beauvoir","description":"","publisher":{"@id":"https:\/\/www.ledonjonbeauvoirblois.fr\/#organization"},"potentialAction":[{"@type":"SearchAction","target":{"@type":"EntryPoint","urlTemplate":"https:\/\/www.ledonjonbeauvoirblois.fr\/?s={search_term_string}"},"query-input":{"@type":"PropertyValueSpecification","valueRequired":true,"valueName":"search_term_string"}}],"inLanguage":"en-GB"},{"@type":"Organization","@id":"https:\/\/www.ledonjonbeauvoirblois.fr\/#organization","name":"Tour Beauvoir - Donjon Beauvoir","url":"https:\/\/www.ledonjonbeauvoirblois.fr\/","logo":{"@type":"ImageObject","inLanguage":"en-GB","@id":"https:\/\/www.ledonjonbeauvoirblois.fr\/#\/schema\/logo\/image\/","url":"https:\/\/www.ledonjonbeauvoirblois.fr\/wp-content\/uploads\/2025\/08\/logo-tour-beauvoir-1.png","contentUrl":"https:\/\/www.ledonjonbeauvoirblois.fr\/wp-content\/uploads\/2025\/08\/logo-tour-beauvoir-1.png","width":1563,"height":1563,"caption":"Tour Beauvoir - Donjon Beauvoir"},"image":{"@id":"https:\/\/www.ledonjonbeauvoirblois.fr\/#\/schema\/logo\/image\/"}}]}},"uagb_featured_image_src":{"full":false,"thumbnail":false,"medium":false,"medium_large":false,"large":false,"1536x1536":false,"2048x2048":false,"trp-custom-language-flag":false},"uagb_author_info":{"display_name":"Johanna Canalias","author_link":"https:\/\/www.ledonjonbeauvoirblois.fr\/en\/author\/johanna\/"},"uagb_comment_info":0,"uagb_excerpt":"\u00c9chapp\u00e9es belles autour du Donjon Beauvoir Notre r\u00e9gion regorge de tr\u00e9sors \u00e0 d\u00e9couvrir, m\u00ealant patrimoine royal, art, nature et \u00e9merveillement. Voici une s\u00e9lection de lieux embl\u00e9matiques et d\u2019exp\u00e9riences originales pour pr\u00e9parer votre escapade en toute s\u00e9r\u00e9nit\u00e9. N\u2019h\u00e9sitez pas \u00e0 nous solliciter : nous serons ravis de vous conseiller sur vos itin\u00e9raires et excursions. Ch\u00e2teau Royal...","_links":{"self":[{"href":"https:\/\/www.ledonjonbeauvoirblois.fr\/en\/wp-json\/wp\/v2\/pages\/2801","targetHints":{"allow":["GET"]}}],"collection":[{"href":"https:\/\/www.ledonjonbeauvoirblois.fr\/en\/wp-json\/wp\/v2\/pages"}],"about":[{"href":"https:\/\/www.ledonjonbeauvoirblois.fr\/en\/wp-json\/wp\/v2\/types\/page"}],"author":[{"embeddable":true,"href":"https:\/\/www.ledonjonbeauvoirblois.fr\/en\/wp-json\/wp\/v2\/users\/2"}],"replies":[{"embeddable":true,"href":"https:\/\/www.ledonjonbeauvoirblois.fr\/en\/wp-json\/wp\/v2\/comments?post=2801"}],"version-history":[{"count":7,"href":"https:\/\/www.ledonjonbeauvoirblois.fr\/en\/wp-json\/wp\/v2\/pages\/2801\/revisions"}],"predecessor-version":[{"id":3011,"href":"https:\/\/www.ledonjonbeauvoirblois.fr\/en\/wp-json\/wp\/v2\/pages\/2801\/revisions\/3011"}],"wp:attachment":[{"href":"https:\/\/www.ledonjonbeauvoirblois.fr\/en\/wp-json\/wp\/v2\/media?parent=2801"}],"curies":[{"name":"wp","href":"https:\/\/api.w.org\/{rel}","templated":true}]}}