{"id":2800,"date":"2025-08-12T12:43:56","date_gmt":"2025-08-12T10:43:56","guid":{"rendered":"https:\/\/www.ledonjonbeauvoirblois.fr\/about-2\/"},"modified":"2025-08-19T20:30:01","modified_gmt":"2025-08-19T18:30:01","slug":"about-2","status":"publish","type":"page","link":"https:\/\/www.ledonjonbeauvoirblois.fr\/en\/about-2\/","title":{"rendered":"Your guests"},"content":{"rendered":"<div class=\"wp-block-uagb-container &quot;wp-block-uagb-container uagb-block-d637b4ff alignfull uagb-is-root-container\"><div class=\"uagb-container-inner-blocks-wrap\">\n<div class=\"wp-block-uagb-advanced-heading uagb-block-8d09754e &quot;wp-block-uagb-advanced-heading\"><h2 class=\"uagb-heading-text\"><strong>Vos h\u00f4tes \u2013 Johanna &amp; Nicolay<\/strong><\/h2><\/div>\n\n\n\n<div class=\"wp-block-uagb-image uagb-block-98b18c2f wp-block-uagb-image--layout-default wp-block-uagb-image--effect-static wp-block-uagb-image--align-none &quot;wp-block-uagb-image\"><figure class=\"wp-block-uagb-image__figure\"><img decoding=\"async\" src=\"https:\/\/www.ledonjonbeauvoirblois.fr\/wp-content\/uploads\/2025\/08\/68221f016c0d58ff648b4568.jpg\" alt=\"68221f016c0d58ff648b4568\" class=\"uag-image-2921\" width=\"546\" height=\"307\" title=\"68221f016c0d58ff648b4568\" loading=\"lazy\" role=\"img\" \/><\/figure><\/div>\n<\/div><\/div>\n\n\n\n<div class=\"wp-block-uagb-container &quot;wp-block-uagb-container uagb-block-2d5cc779 alignfull uagb-is-root-container\"><div class=\"uagb-container-inner-blocks-wrap\">\n<p class=\"&quot;wp-block-uagb-advanced-heading\"><\/p>\n\n\n\n<p>Nous sommes <strong>Johanna et Nicolay<\/strong>, deux passionn\u00e9s de vieilles pierres, d\u2019histoire et de belles r\u00e9novations. Depuis plusieurs ann\u00e9es, nous sommes propri\u00e9taires d&rsquo;une maison d&rsquo;h\u00f4tes <strong>Le Clos Mac\u00e9<\/strong>, situ\u00e9e \u00e0 quelques km de Blois. (<a href=\"http:\/\/www.leclosmace.fr\">http:\/\/www.leclosmace.fr<\/a>)<\/p>\n\n\n\n<p><strong>D\u00e9but 2025<\/strong>, nous avons eu le bonheur d\u2019acqu\u00e9rir un lieu qui nous faisait r\u00eaver depuis longtemps : <strong>le Donjon Beauvoir<\/strong>. Inscrit monument historique, ce t\u00e9moin du XI\u1d49 si\u00e8cle nous a imm\u00e9diatement s\u00e9duits par son caract\u00e8re unique et son \u00e2me intemporelle.<\/p>\n\n\n\n<p>Pour nous, restaurer et faire vivre ce donjon, c\u2019est prolonger une histoire mill\u00e9naire tout en lui offrant une nouvelle page \u00e0 \u00e9crire. Nous avons \u00e0 c\u0153ur de pr\u00e9server l\u2019authenticit\u00e9 des lieux, tout en vous proposant confort et accueil chaleureux.<\/p>\n\n\n\n<p>Que vous s\u00e9journiez au Donjon Beauvoir pour une escapade romantique, un week-end hors du temps ou un s\u00e9jour de d\u00e9couverte en Val de Loire, nous serons heureux de partager avec vous nos bonnes adresses, nos coups de c\u0153ur et peut-\u00eatre m\u00eame quelques secrets bien gard\u00e9s\u2026<\/p>\n\n\n\n<p class=\"&quot;wp-block-uagb-advanced-heading\"><strong>Bienvenue chez nous, bienvenue chez vous.<\/strong><\/p>\n<\/div><\/div>","protected":false},"excerpt":{"rendered":"<p>Vos h\u00f4tes \u2013 Johanna &amp; Nicolay Nous sommes Johanna et Nicolay, deux passionn\u00e9s de vieilles pierres, d\u2019histoire et de belles r\u00e9novations. Depuis plusieurs ann\u00e9es, nous sommes propri\u00e9taires d&rsquo;une maison d&rsquo;h\u00f4tes Le Clos Mac\u00e9, situ\u00e9e \u00e0 quelques km de Blois. (http:\/\/www.leclosmace.fr) D\u00e9but 2025, nous avons eu le bonheur d\u2019acqu\u00e9rir un lieu qui nous faisait r\u00eaver depuis&#8230;<\/p>","protected":false},"author":2,"featured_media":0,"parent":0,"menu_order":0,"comment_status":"closed","ping_status":"closed","template":"","meta":{"_uag_custom_page_level_css":"","_kad_post_transparent":"","_kad_post_title":"","_kad_post_layout":"","_kad_post_sidebar_id":"","_kad_post_content_style":"","_kad_post_vertical_padding":"","_kad_post_feature":"","_kad_post_feature_position":"","_kad_post_header":false,"_kad_post_footer":false,"footnotes":""},"class_list":["post-2800","page","type-page","status-publish","hentry"],"yoast_head":"<!-- This site is optimized with the Yoast SEO plugin v27.1.1 - https:\/\/yoast.com\/product\/yoast-seo-wordpress\/ -->\n<title>Vos h\u00f4tes - Tour Beauvoir - Donjon Beauvoir<\/title>\n<meta name=\"robots\" content=\"index, follow, max-snippet:-1, max-image-preview:large, max-video-preview:-1\" \/>\n<link rel=\"canonical\" href=\"https:\/\/www.ledonjonbeauvoirblois.fr\/en\/about-2\/\" \/>\n<meta property=\"og:locale\" content=\"en_GB\" \/>\n<meta property=\"og:type\" content=\"article\" \/>\n<meta property=\"og:title\" content=\"Vos h\u00f4tes - Tour Beauvoir - Donjon Beauvoir\" \/>\n<meta property=\"og:description\" content=\"Vos h\u00f4tes \u2013 Johanna &amp; Nicolay Nous sommes Johanna et Nicolay, deux passionn\u00e9s de vieilles pierres, d\u2019histoire et de belles r\u00e9novations. Depuis plusieurs ann\u00e9es, nous sommes propri\u00e9taires d&rsquo;une maison d&rsquo;h\u00f4tes Le Clos Mac\u00e9, situ\u00e9e \u00e0 quelques km de Blois. (http:\/\/www.leclosmace.fr) D\u00e9but 2025, nous avons eu le bonheur d\u2019acqu\u00e9rir un lieu qui nous faisait r\u00eaver depuis...\" \/>\n<meta property=\"og:url\" content=\"https:\/\/www.ledonjonbeauvoirblois.fr\/en\/about-2\/\" \/>\n<meta property=\"og:site_name\" content=\"Tour Beauvoir - Donjon Beauvoir\" \/>\n<meta property=\"article:modified_time\" content=\"2025-08-19T18:30:01+00:00\" \/>\n<meta property=\"og:image\" content=\"https:\/\/www.ledonjonbeauvoirblois.fr\/wp-content\/uploads\/2025\/08\/68221f016c0d58ff648b4568.jpg\" \/>\n<meta name=\"twitter:card\" content=\"summary_large_image\" \/>\n<meta name=\"twitter:label1\" content=\"Estimated reading time\" \/>\n\t<meta name=\"twitter:data1\" content=\"2 minutes\" \/>\n<script type=\"application\/ld+json\" class=\"yoast-schema-graph\">{\"@context\":\"https:\/\/schema.org\",\"@graph\":[{\"@type\":\"WebPage\",\"@id\":\"https:\/\/www.ledonjonbeauvoirblois.fr\/en\/about-2\/\",\"url\":\"https:\/\/www.ledonjonbeauvoirblois.fr\/en\/about-2\/\",\"name\":\"Vos h\u00f4tes - Tour Beauvoir - Donjon Beauvoir\",\"isPartOf\":{\"@id\":\"https:\/\/www.ledonjonbeauvoirblois.fr\/#website\"},\"primaryImageOfPage\":{\"@id\":\"https:\/\/www.ledonjonbeauvoirblois.fr\/en\/about-2\/#primaryimage\"},\"image\":{\"@id\":\"https:\/\/www.ledonjonbeauvoirblois.fr\/en\/about-2\/#primaryimage\"},\"thumbnailUrl\":\"https:\/\/www.ledonjonbeauvoirblois.fr\/wp-content\/uploads\/2025\/08\/68221f016c0d58ff648b4568.jpg\",\"datePublished\":\"2025-08-12T10:43:56+00:00\",\"dateModified\":\"2025-08-19T18:30:01+00:00\",\"breadcrumb\":{\"@id\":\"https:\/\/www.ledonjonbeauvoirblois.fr\/en\/about-2\/#breadcrumb\"},\"inLanguage\":\"en-GB\",\"potentialAction\":[{\"@type\":\"ReadAction\",\"target\":[\"https:\/\/www.ledonjonbeauvoirblois.fr\/en\/about-2\/\"]}]},{\"@type\":\"ImageObject\",\"inLanguage\":\"en-GB\",\"@id\":\"https:\/\/www.ledonjonbeauvoirblois.fr\/en\/about-2\/#primaryimage\",\"url\":\"https:\/\/www.ledonjonbeauvoirblois.fr\/wp-content\/uploads\/2025\/08\/68221f016c0d58ff648b4568.jpg\",\"contentUrl\":\"https:\/\/www.ledonjonbeauvoirblois.fr\/wp-content\/uploads\/2025\/08\/68221f016c0d58ff648b4568.jpg\"},{\"@type\":\"BreadcrumbList\",\"@id\":\"https:\/\/www.ledonjonbeauvoirblois.fr\/en\/about-2\/#breadcrumb\",\"itemListElement\":[{\"@type\":\"ListItem\",\"position\":1,\"name\":\"Accueil\",\"item\":\"https:\/\/www.ledonjonbeauvoirblois.fr\/\"},{\"@type\":\"ListItem\",\"position\":2,\"name\":\"Vos h\u00f4tes\"}]},{\"@type\":\"WebSite\",\"@id\":\"https:\/\/www.ledonjonbeauvoirblois.fr\/#website\",\"url\":\"https:\/\/www.ledonjonbeauvoirblois.fr\/\",\"name\":\"Tour Beauvoir - Donjon Beauvoir\",\"description\":\"\",\"publisher\":{\"@id\":\"https:\/\/www.ledonjonbeauvoirblois.fr\/#organization\"},\"potentialAction\":[{\"@type\":\"SearchAction\",\"target\":{\"@type\":\"EntryPoint\",\"urlTemplate\":\"https:\/\/www.ledonjonbeauvoirblois.fr\/?s={search_term_string}\"},\"query-input\":{\"@type\":\"PropertyValueSpecification\",\"valueRequired\":true,\"valueName\":\"search_term_string\"}}],\"inLanguage\":\"en-GB\"},{\"@type\":\"Organization\",\"@id\":\"https:\/\/www.ledonjonbeauvoirblois.fr\/#organization\",\"name\":\"Tour Beauvoir - Donjon Beauvoir\",\"url\":\"https:\/\/www.ledonjonbeauvoirblois.fr\/\",\"logo\":{\"@type\":\"ImageObject\",\"inLanguage\":\"en-GB\",\"@id\":\"https:\/\/www.ledonjonbeauvoirblois.fr\/#\/schema\/logo\/image\/\",\"url\":\"https:\/\/www.ledonjonbeauvoirblois.fr\/wp-content\/uploads\/2025\/08\/logo-tour-beauvoir-1.png\",\"contentUrl\":\"https:\/\/www.ledonjonbeauvoirblois.fr\/wp-content\/uploads\/2025\/08\/logo-tour-beauvoir-1.png\",\"width\":1563,\"height\":1563,\"caption\":\"Tour Beauvoir - Donjon Beauvoir\"},\"image\":{\"@id\":\"https:\/\/www.ledonjonbeauvoirblois.fr\/#\/schema\/logo\/image\/\"}}]}<\/script>\n<!-- \/ Yoast SEO plugin. -->","yoast_head_json":{"title":"Vos h\u00f4tes - Tour Beauvoir - Donjon Beauvoir","robots":{"index":"index","follow":"follow","max-snippet":"max-snippet:-1","max-image-preview":"max-image-preview:large","max-video-preview":"max-video-preview:-1"},"canonical":"https:\/\/www.ledonjonbeauvoirblois.fr\/en\/about-2\/","og_locale":"en_GB","og_type":"article","og_title":"Vos h\u00f4tes - Tour Beauvoir - Donjon Beauvoir","og_description":"Vos h\u00f4tes \u2013 Johanna &amp; Nicolay Nous sommes Johanna et Nicolay, deux passionn\u00e9s de vieilles pierres, d\u2019histoire et de belles r\u00e9novations. Depuis plusieurs ann\u00e9es, nous sommes propri\u00e9taires d&rsquo;une maison d&rsquo;h\u00f4tes Le Clos Mac\u00e9, situ\u00e9e \u00e0 quelques km de Blois. (http:\/\/www.leclosmace.fr) D\u00e9but 2025, nous avons eu le bonheur d\u2019acqu\u00e9rir un lieu qui nous faisait r\u00eaver depuis...","og_url":"https:\/\/www.ledonjonbeauvoirblois.fr\/en\/about-2\/","og_site_name":"Tour Beauvoir - Donjon Beauvoir","article_modified_time":"2025-08-19T18:30:01+00:00","og_image":[{"url":"https:\/\/www.ledonjonbeauvoirblois.fr\/wp-content\/uploads\/2025\/08\/68221f016c0d58ff648b4568.jpg","type":"","width":"","height":""}],"twitter_card":"summary_large_image","twitter_misc":{"Estimated reading time":"2 minutes"},"schema":{"@context":"https:\/\/schema.org","@graph":[{"@type":"WebPage","@id":"https:\/\/www.ledonjonbeauvoirblois.fr\/en\/about-2\/","url":"https:\/\/www.ledonjonbeauvoirblois.fr\/en\/about-2\/","name":"Vos h\u00f4tes - Tour Beauvoir - Donjon Beauvoir","isPartOf":{"@id":"https:\/\/www.ledonjonbeauvoirblois.fr\/#website"},"primaryImageOfPage":{"@id":"https:\/\/www.ledonjonbeauvoirblois.fr\/en\/about-2\/#primaryimage"},"image":{"@id":"https:\/\/www.ledonjonbeauvoirblois.fr\/en\/about-2\/#primaryimage"},"thumbnailUrl":"https:\/\/www.ledonjonbeauvoirblois.fr\/wp-content\/uploads\/2025\/08\/68221f016c0d58ff648b4568.jpg","datePublished":"2025-08-12T10:43:56+00:00","dateModified":"2025-08-19T18:30:01+00:00","breadcrumb":{"@id":"https:\/\/www.ledonjonbeauvoirblois.fr\/en\/about-2\/#breadcrumb"},"inLanguage":"en-GB","potentialAction":[{"@type":"ReadAction","target":["https:\/\/www.ledonjonbeauvoirblois.fr\/en\/about-2\/"]}]},{"@type":"ImageObject","inLanguage":"en-GB","@id":"https:\/\/www.ledonjonbeauvoirblois.fr\/en\/about-2\/#primaryimage","url":"https:\/\/www.ledonjonbeauvoirblois.fr\/wp-content\/uploads\/2025\/08\/68221f016c0d58ff648b4568.jpg","contentUrl":"https:\/\/www.ledonjonbeauvoirblois.fr\/wp-content\/uploads\/2025\/08\/68221f016c0d58ff648b4568.jpg"},{"@type":"BreadcrumbList","@id":"https:\/\/www.ledonjonbeauvoirblois.fr\/en\/about-2\/#breadcrumb","itemListElement":[{"@type":"ListItem","position":1,"name":"Accueil","item":"https:\/\/www.ledonjonbeauvoirblois.fr\/"},{"@type":"ListItem","position":2,"name":"Vos h\u00f4tes"}]},{"@type":"WebSite","@id":"https:\/\/www.ledonjonbeauvoirblois.fr\/#website","url":"https:\/\/www.ledonjonbeauvoirblois.fr\/","name":"Tour Beauvoir - Donjon Beauvoir","description":"","publisher":{"@id":"https:\/\/www.ledonjonbeauvoirblois.fr\/#organization"},"potentialAction":[{"@type":"SearchAction","target":{"@type":"EntryPoint","urlTemplate":"https:\/\/www.ledonjonbeauvoirblois.fr\/?s={search_term_string}"},"query-input":{"@type":"PropertyValueSpecification","valueRequired":true,"valueName":"search_term_string"}}],"inLanguage":"en-GB"},{"@type":"Organization","@id":"https:\/\/www.ledonjonbeauvoirblois.fr\/#organization","name":"Tour Beauvoir - Donjon Beauvoir","url":"https:\/\/www.ledonjonbeauvoirblois.fr\/","logo":{"@type":"ImageObject","inLanguage":"en-GB","@id":"https:\/\/www.ledonjonbeauvoirblois.fr\/#\/schema\/logo\/image\/","url":"https:\/\/www.ledonjonbeauvoirblois.fr\/wp-content\/uploads\/2025\/08\/logo-tour-beauvoir-1.png","contentUrl":"https:\/\/www.ledonjonbeauvoirblois.fr\/wp-content\/uploads\/2025\/08\/logo-tour-beauvoir-1.png","width":1563,"height":1563,"caption":"Tour Beauvoir - Donjon Beauvoir"},"image":{"@id":"https:\/\/www.ledonjonbeauvoirblois.fr\/#\/schema\/logo\/image\/"}}]}},"uagb_featured_image_src":{"full":false,"thumbnail":false,"medium":false,"medium_large":false,"large":false,"1536x1536":false,"2048x2048":false,"trp-custom-language-flag":false},"uagb_author_info":{"display_name":"Johanna Canalias","author_link":"https:\/\/www.ledonjonbeauvoirblois.fr\/en\/author\/johanna\/"},"uagb_comment_info":0,"uagb_excerpt":"Vos h\u00f4tes \u2013 Johanna &amp; Nicolay Nous sommes Johanna et Nicolay, deux passionn\u00e9s de vieilles pierres, d\u2019histoire et de belles r\u00e9novations. Depuis plusieurs ann\u00e9es, nous sommes propri\u00e9taires d&rsquo;une maison d&rsquo;h\u00f4tes Le Clos Mac\u00e9, situ\u00e9e \u00e0 quelques km de Blois. (http:\/\/www.leclosmace.fr) D\u00e9but 2025, nous avons eu le bonheur d\u2019acqu\u00e9rir un lieu qui nous faisait r\u00eaver depuis...","_links":{"self":[{"href":"https:\/\/www.ledonjonbeauvoirblois.fr\/en\/wp-json\/wp\/v2\/pages\/2800","targetHints":{"allow":["GET"]}}],"collection":[{"href":"https:\/\/www.ledonjonbeauvoirblois.fr\/en\/wp-json\/wp\/v2\/pages"}],"about":[{"href":"https:\/\/www.ledonjonbeauvoirblois.fr\/en\/wp-json\/wp\/v2\/types\/page"}],"author":[{"embeddable":true,"href":"https:\/\/www.ledonjonbeauvoirblois.fr\/en\/wp-json\/wp\/v2\/users\/2"}],"replies":[{"embeddable":true,"href":"https:\/\/www.ledonjonbeauvoirblois.fr\/en\/wp-json\/wp\/v2\/comments?post=2800"}],"version-history":[{"count":10,"href":"https:\/\/www.ledonjonbeauvoirblois.fr\/en\/wp-json\/wp\/v2\/pages\/2800\/revisions"}],"predecessor-version":[{"id":3012,"href":"https:\/\/www.ledonjonbeauvoirblois.fr\/en\/wp-json\/wp\/v2\/pages\/2800\/revisions\/3012"}],"wp:attachment":[{"href":"https:\/\/www.ledonjonbeauvoirblois.fr\/en\/wp-json\/wp\/v2\/media?parent=2800"}],"curies":[{"name":"wp","href":"https:\/\/api.w.org\/{rel}","templated":true}]}}