{"id":1326,"date":"2025-08-12T11:41:12","date_gmt":"2025-08-12T09:41:12","guid":{"rendered":"https:\/\/www.ledonjonbeauvoirblois.fr\/index.php\/services\/"},"modified":"2025-11-26T18:36:09","modified_gmt":"2025-11-26T17:36:09","slug":"services","status":"publish","type":"page","link":"https:\/\/www.ledonjonbeauvoirblois.fr\/en\/services\/","title":{"rendered":"Prices\/Bookings"},"content":{"rendered":"<div class=\"wp-block-uagb-container &quot;wp-block-uagb-container uagb-block-1464262f alignfull uagb-is-root-container\"><div class=\"uagb-container-inner-blocks-wrap\">\n<div class=\"wp-block-uagb-advanced-heading uagb-block-b5b07219 &quot;wp-block-uagb-advanced-heading\"><h2 class=\"uagb-heading-text\">Stay in history<\/h2><\/div>\n<\/div><\/div>\n\n\n\n<div class=\"wp-block-uagb-container &quot;wp-block-uagb-container uagb-block-d07c027e alignfull uagb-is-root-container\"><div class=\"uagb-container-inner-blocks-wrap\">\n<div class=\"wp-block-uagb-container &quot;wp-block-uagb-container uagb-block-9d0f23e8\">\n<p>From \u20ac150 \/ night for 4 people (excluding tourist tax)<\/p>\n\n\n\n<p>From \u20ac130 \/ night for 2 people (excluding tourist tax)<\/p>\n\n\n\n<p>Our prices include <strong>per night<\/strong>, pour l\u2019ensemble de l\u2019appartement du rez-de-chauss\u00e9e de la Tour Beauvoir. La taxe de s\u00e9jour s&rsquo;\u00e9l\u00e8ve \u00e0 2.5 \u20ac par personne et par jour.<\/p>\n\n\n\n<p><strong>Included in your stay :<\/strong><\/p>\n\n\n\n<ul class=\"wp-block-list\">\n<li><strong>Free parking<\/strong> at the foot of the Donjon for your vehicle<\/li>\n\n\n\n<li><strong>Bed linen and towels <\/strong><\/li>\n\n\n\n<li>Exclusive use of the <strong>panoramic terrace<\/strong> 100 m\u00b2 at the top of the tower<\/li>\n\n\n\n<li>Wi-Fi <\/li>\n\n\n\n<li>Cleaning costs<\/li>\n<\/ul>\n\n\n\n<blockquote class=\"wp-block-quote is-layout-flow wp-block-quote-is-layout-flow\">\n<p class=\"has-text-align-center\">With promo code \"&nbsp;<strong>PROMO23456<\/strong>&nbsp;\"Take advantage of 10 off % for stays of 2 to 6 nights with the promotional code \"&nbsp;<strong>PROMO7<\/strong>&nbsp;\"20 off % for a 7-night stay<\/p>\n<\/blockquote>\n\n\n\n<script type=\"text\/javascript\" src=\"\/\/gadget.open-system.fr\/widgets-libs\/rel\/noyau-1.0.min.js\"><\/script>\n\n<script type=\"text\/javascript\">\n\n( function() {\n\n               var widgetProduit = AllianceReseaux.Widget.Instance( \"Produit\", { idPanier:\"U3RSU1M\", idIntegration:646, langue:\"fr\", ui:\"OSCH-126801-4\" } );\n\n               widgetProduit.Initialise();\n\n})();\n\n<\/script>\n\n \n\n<div id=\"widget-produit-OSCH-126801-4\"><\/div>\n\n\n\n<p>Address: 11, rue des Cordeliers - 41000 Blois<\/p>\n\n\n\n<p>Book online to take advantage of the <strong>best rate guaranteed<\/strong> and enjoy the unique experience of the Donjon Beauvoir.<\/p>\n<\/div>\n<\/div><\/div>\n\n\n\n<div class=\"wp-block-uagb-container &quot;wp-block-uagb-container uagb-block-a4950a51 alignfull uagb-is-root-container\"><div class=\"uagb-container-inner-blocks-wrap\">\n<div class=\"wp-block-uagb-container &quot;wp-block-uagb-container uagb-block-c755f97a\"><\/div>\n\n\n\n<p><\/p>\n<\/div><\/div>\n\n\n\n<div class=\"wp-block-uagb-container &quot;wp-block-uagb-container uagb-block-266b0cb9 alignfull uagb-is-root-container\"><div class=\"uagb-container-inner-blocks-wrap\"><\/div><\/div>","protected":false},"excerpt":{"rendered":"<p>S\u00e9journez dans l\u2019histoire A partir de 150 \u20ac \/ nuit pour 4 personnes (hors taxe de s\u00e9jour) A partir de 130 \u20ac \/ nuit pour 2 personnes (hors taxe de s\u00e9jour) Nos tarifs s\u2019entendent par nuit\u00e9e, pour l\u2019ensemble de l\u2019appartement du rez-de-chauss\u00e9e de la Tour Beauvoir. La taxe de s\u00e9jour s&rsquo;\u00e9l\u00e8ve \u00e0 2.5 \u20ac par&#8230;<\/p>","protected":false},"author":2,"featured_media":0,"parent":0,"menu_order":0,"comment_status":"closed","ping_status":"closed","template":"","meta":{"_uag_custom_page_level_css":"","_kad_post_transparent":"","_kad_post_title":"","_kad_post_layout":"","_kad_post_sidebar_id":"","_kad_post_content_style":"","_kad_post_vertical_padding":"","_kad_post_feature":"","_kad_post_feature_position":"","_kad_post_header":false,"_kad_post_footer":false,"footnotes":""},"class_list":["post-1326","page","type-page","status-publish","hentry"],"yoast_head":"<!-- This site is optimized with the Yoast SEO plugin v27.1.1 - https:\/\/yoast.com\/product\/yoast-seo-wordpress\/ -->\n<title>Tarifs\/R\u00e9servations - Tour Beauvoir - Donjon Beauvoir<\/title>\n<meta name=\"robots\" content=\"index, follow, max-snippet:-1, max-image-preview:large, max-video-preview:-1\" \/>\n<link rel=\"canonical\" href=\"https:\/\/www.ledonjonbeauvoirblois.fr\/en\/services\/\" \/>\n<meta property=\"og:locale\" content=\"en_GB\" \/>\n<meta property=\"og:type\" content=\"article\" \/>\n<meta property=\"og:title\" content=\"Tarifs\/R\u00e9servations - Tour Beauvoir - Donjon Beauvoir\" \/>\n<meta property=\"og:description\" content=\"S\u00e9journez dans l\u2019histoire A partir de 150 \u20ac \/ nuit pour 4 personnes (hors taxe de s\u00e9jour) A partir de 130 \u20ac \/ nuit pour 2 personnes (hors taxe de s\u00e9jour) Nos tarifs s\u2019entendent par nuit\u00e9e, pour l\u2019ensemble de l\u2019appartement du rez-de-chauss\u00e9e de la Tour Beauvoir. La taxe de s\u00e9jour s&rsquo;\u00e9l\u00e8ve \u00e0 2.5 \u20ac par...\" \/>\n<meta property=\"og:url\" content=\"https:\/\/www.ledonjonbeauvoirblois.fr\/en\/services\/\" \/>\n<meta property=\"og:site_name\" content=\"Tour Beauvoir - Donjon Beauvoir\" \/>\n<meta property=\"article:modified_time\" content=\"2025-11-26T17:36:09+00:00\" \/>\n<meta name=\"twitter:card\" content=\"summary_large_image\" \/>\n<meta name=\"twitter:label1\" content=\"Estimated reading time\" \/>\n\t<meta name=\"twitter:data1\" content=\"1 minute\" \/>\n<script type=\"application\/ld+json\" class=\"yoast-schema-graph\">{\"@context\":\"https:\/\/schema.org\",\"@graph\":[{\"@type\":\"WebPage\",\"@id\":\"https:\/\/www.ledonjonbeauvoirblois.fr\/services\/\",\"url\":\"https:\/\/www.ledonjonbeauvoirblois.fr\/services\/\",\"name\":\"Tarifs\/R\u00e9servations - Tour Beauvoir - Donjon Beauvoir\",\"isPartOf\":{\"@id\":\"https:\/\/www.ledonjonbeauvoirblois.fr\/#website\"},\"datePublished\":\"2025-08-12T09:41:12+00:00\",\"dateModified\":\"2025-11-26T17:36:09+00:00\",\"breadcrumb\":{\"@id\":\"https:\/\/www.ledonjonbeauvoirblois.fr\/services\/#breadcrumb\"},\"inLanguage\":\"en-GB\",\"potentialAction\":[{\"@type\":\"ReadAction\",\"target\":[\"https:\/\/www.ledonjonbeauvoirblois.fr\/services\/\"]}]},{\"@type\":\"BreadcrumbList\",\"@id\":\"https:\/\/www.ledonjonbeauvoirblois.fr\/services\/#breadcrumb\",\"itemListElement\":[{\"@type\":\"ListItem\",\"position\":1,\"name\":\"Accueil\",\"item\":\"https:\/\/www.ledonjonbeauvoirblois.fr\/\"},{\"@type\":\"ListItem\",\"position\":2,\"name\":\"Tarifs\/R\u00e9servations\"}]},{\"@type\":\"WebSite\",\"@id\":\"https:\/\/www.ledonjonbeauvoirblois.fr\/#website\",\"url\":\"https:\/\/www.ledonjonbeauvoirblois.fr\/\",\"name\":\"Tour Beauvoir - Donjon Beauvoir\",\"description\":\"\",\"publisher\":{\"@id\":\"https:\/\/www.ledonjonbeauvoirblois.fr\/#organization\"},\"potentialAction\":[{\"@type\":\"SearchAction\",\"target\":{\"@type\":\"EntryPoint\",\"urlTemplate\":\"https:\/\/www.ledonjonbeauvoirblois.fr\/?s={search_term_string}\"},\"query-input\":{\"@type\":\"PropertyValueSpecification\",\"valueRequired\":true,\"valueName\":\"search_term_string\"}}],\"inLanguage\":\"en-GB\"},{\"@type\":\"Organization\",\"@id\":\"https:\/\/www.ledonjonbeauvoirblois.fr\/#organization\",\"name\":\"Tour Beauvoir - Donjon Beauvoir\",\"url\":\"https:\/\/www.ledonjonbeauvoirblois.fr\/\",\"logo\":{\"@type\":\"ImageObject\",\"inLanguage\":\"en-GB\",\"@id\":\"https:\/\/www.ledonjonbeauvoirblois.fr\/#\/schema\/logo\/image\/\",\"url\":\"https:\/\/www.ledonjonbeauvoirblois.fr\/wp-content\/uploads\/2025\/08\/logo-tour-beauvoir-1.png\",\"contentUrl\":\"https:\/\/www.ledonjonbeauvoirblois.fr\/wp-content\/uploads\/2025\/08\/logo-tour-beauvoir-1.png\",\"width\":1563,\"height\":1563,\"caption\":\"Tour Beauvoir - Donjon Beauvoir\"},\"image\":{\"@id\":\"https:\/\/www.ledonjonbeauvoirblois.fr\/#\/schema\/logo\/image\/\"}}]}<\/script>\n<!-- \/ Yoast SEO plugin. -->","yoast_head_json":{"title":"Tarifs\/R\u00e9servations - Tour Beauvoir - Donjon Beauvoir","robots":{"index":"index","follow":"follow","max-snippet":"max-snippet:-1","max-image-preview":"max-image-preview:large","max-video-preview":"max-video-preview:-1"},"canonical":"https:\/\/www.ledonjonbeauvoirblois.fr\/en\/services\/","og_locale":"en_GB","og_type":"article","og_title":"Tarifs\/R\u00e9servations - Tour Beauvoir - Donjon Beauvoir","og_description":"S\u00e9journez dans l\u2019histoire A partir de 150 \u20ac \/ nuit pour 4 personnes (hors taxe de s\u00e9jour) A partir de 130 \u20ac \/ nuit pour 2 personnes (hors taxe de s\u00e9jour) Nos tarifs s\u2019entendent par nuit\u00e9e, pour l\u2019ensemble de l\u2019appartement du rez-de-chauss\u00e9e de la Tour Beauvoir. La taxe de s\u00e9jour s&rsquo;\u00e9l\u00e8ve \u00e0 2.5 \u20ac par...","og_url":"https:\/\/www.ledonjonbeauvoirblois.fr\/en\/services\/","og_site_name":"Tour Beauvoir - Donjon Beauvoir","article_modified_time":"2025-11-26T17:36:09+00:00","twitter_card":"summary_large_image","twitter_misc":{"Estimated reading time":"1 minute"},"schema":{"@context":"https:\/\/schema.org","@graph":[{"@type":"WebPage","@id":"https:\/\/www.ledonjonbeauvoirblois.fr\/services\/","url":"https:\/\/www.ledonjonbeauvoirblois.fr\/services\/","name":"Tarifs\/R\u00e9servations - Tour Beauvoir - Donjon Beauvoir","isPartOf":{"@id":"https:\/\/www.ledonjonbeauvoirblois.fr\/#website"},"datePublished":"2025-08-12T09:41:12+00:00","dateModified":"2025-11-26T17:36:09+00:00","breadcrumb":{"@id":"https:\/\/www.ledonjonbeauvoirblois.fr\/services\/#breadcrumb"},"inLanguage":"en-GB","potentialAction":[{"@type":"ReadAction","target":["https:\/\/www.ledonjonbeauvoirblois.fr\/services\/"]}]},{"@type":"BreadcrumbList","@id":"https:\/\/www.ledonjonbeauvoirblois.fr\/services\/#breadcrumb","itemListElement":[{"@type":"ListItem","position":1,"name":"Accueil","item":"https:\/\/www.ledonjonbeauvoirblois.fr\/"},{"@type":"ListItem","position":2,"name":"Tarifs\/R\u00e9servations"}]},{"@type":"WebSite","@id":"https:\/\/www.ledonjonbeauvoirblois.fr\/#website","url":"https:\/\/www.ledonjonbeauvoirblois.fr\/","name":"Tour Beauvoir - Donjon Beauvoir","description":"","publisher":{"@id":"https:\/\/www.ledonjonbeauvoirblois.fr\/#organization"},"potentialAction":[{"@type":"SearchAction","target":{"@type":"EntryPoint","urlTemplate":"https:\/\/www.ledonjonbeauvoirblois.fr\/?s={search_term_string}"},"query-input":{"@type":"PropertyValueSpecification","valueRequired":true,"valueName":"search_term_string"}}],"inLanguage":"en-GB"},{"@type":"Organization","@id":"https:\/\/www.ledonjonbeauvoirblois.fr\/#organization","name":"Tour Beauvoir - Donjon Beauvoir","url":"https:\/\/www.ledonjonbeauvoirblois.fr\/","logo":{"@type":"ImageObject","inLanguage":"en-GB","@id":"https:\/\/www.ledonjonbeauvoirblois.fr\/#\/schema\/logo\/image\/","url":"https:\/\/www.ledonjonbeauvoirblois.fr\/wp-content\/uploads\/2025\/08\/logo-tour-beauvoir-1.png","contentUrl":"https:\/\/www.ledonjonbeauvoirblois.fr\/wp-content\/uploads\/2025\/08\/logo-tour-beauvoir-1.png","width":1563,"height":1563,"caption":"Tour Beauvoir - Donjon Beauvoir"},"image":{"@id":"https:\/\/www.ledonjonbeauvoirblois.fr\/#\/schema\/logo\/image\/"}}]}},"uagb_featured_image_src":{"full":false,"thumbnail":false,"medium":false,"medium_large":false,"large":false,"1536x1536":false,"2048x2048":false,"trp-custom-language-flag":false},"uagb_author_info":{"display_name":"Johanna Canalias","author_link":"https:\/\/www.ledonjonbeauvoirblois.fr\/en\/author\/johanna\/"},"uagb_comment_info":0,"uagb_excerpt":"S\u00e9journez dans l\u2019histoire A partir de 150 \u20ac \/ nuit pour 4 personnes (hors taxe de s\u00e9jour) A partir de 130 \u20ac \/ nuit pour 2 personnes (hors taxe de s\u00e9jour) Nos tarifs s\u2019entendent par nuit\u00e9e, pour l\u2019ensemble de l\u2019appartement du rez-de-chauss\u00e9e de la Tour Beauvoir. La taxe de s\u00e9jour s&rsquo;\u00e9l\u00e8ve \u00e0 2.5 \u20ac par...","_links":{"self":[{"href":"https:\/\/www.ledonjonbeauvoirblois.fr\/en\/wp-json\/wp\/v2\/pages\/1326","targetHints":{"allow":["GET"]}}],"collection":[{"href":"https:\/\/www.ledonjonbeauvoirblois.fr\/en\/wp-json\/wp\/v2\/pages"}],"about":[{"href":"https:\/\/www.ledonjonbeauvoirblois.fr\/en\/wp-json\/wp\/v2\/types\/page"}],"author":[{"embeddable":true,"href":"https:\/\/www.ledonjonbeauvoirblois.fr\/en\/wp-json\/wp\/v2\/users\/2"}],"replies":[{"embeddable":true,"href":"https:\/\/www.ledonjonbeauvoirblois.fr\/en\/wp-json\/wp\/v2\/comments?post=1326"}],"version-history":[{"count":18,"href":"https:\/\/www.ledonjonbeauvoirblois.fr\/en\/wp-json\/wp\/v2\/pages\/1326\/revisions"}],"predecessor-version":[{"id":3141,"href":"https:\/\/www.ledonjonbeauvoirblois.fr\/en\/wp-json\/wp\/v2\/pages\/1326\/revisions\/3141"}],"wp:attachment":[{"href":"https:\/\/www.ledonjonbeauvoirblois.fr\/en\/wp-json\/wp\/v2\/media?parent=1326"}],"curies":[{"name":"wp","href":"https:\/\/api.w.org\/{rel}","templated":true}]}}